{"id":1037,"date":"2022-12-12T06:53:26","date_gmt":"2022-12-12T06:53:26","guid":{"rendered":"https:\/\/www.hmunicipal.gob.ec\/sitio\/membership-copy-copy-2-copy-copy-copy-2-copy-copy\/"},"modified":"2024-07-08T19:57:54","modified_gmt":"2024-07-08T19:57:54","slug":"membership-copy-copy-2-copy-copy-copy-2-copy-copy","status":"publish","type":"page","link":"https:\/\/www.hmunicipal.gob.ec\/sitio\/membership-copy-copy-2-copy-copy-copy-2-copy-copy\/","title":{"rendered":"Cirug\u00eda General"},"content":{"rendered":"\t\t<div data-elementor-type=\"wp-page\" data-elementor-id=\"1037\" class=\"elementor elementor-1037\">\n\t\t\t\t\t\t\t\t\t<section class=\"elementor-section elementor-top-section elementor-element elementor-element-76d141b2 elementor-section-boxed elementor-section-height-default elementor-section-height-default\" data-id=\"76d141b2\" data-element_type=\"section\" data-settings=\"{&quot;background_background&quot;:&quot;classic&quot;}\">\n\t\t\t\t\t\t\t<div class=\"elementor-background-overlay\"><\/div>\n\t\t\t\t\t\t\t<div class=\"elementor-container elementor-column-gap-no\">\n\t\t\t\t\t<div class=\"elementor-column elementor-col-100 elementor-top-column elementor-element elementor-element-1b42fcb2\" data-id=\"1b42fcb2\" data-element_type=\"column\">\n\t\t\t<div class=\"elementor-widget-wrap elementor-element-populated\">\n\t\t\t\t\t\t\t\t<div class=\"elementor-element elementor-element-7eaf78f0 elementor-widget elementor-widget-heading\" data-id=\"7eaf78f0\" data-element_type=\"widget\" data-widget_type=\"heading.default\">\n\t\t\t\t<div class=\"elementor-widget-container\">\n\t\t\t<style>\/*! elementor - v3.8.1 - 13-11-2022 *\/\n.elementor-heading-title{padding:0;margin:0;line-height:1}.elementor-widget-heading .elementor-heading-title[class*=elementor-size-]>a{color:inherit;font-size:inherit;line-height:inherit}.elementor-widget-heading .elementor-heading-title.elementor-size-small{font-size:15px}.elementor-widget-heading .elementor-heading-title.elementor-size-medium{font-size:19px}.elementor-widget-heading .elementor-heading-title.elementor-size-large{font-size:29px}.elementor-widget-heading .elementor-heading-title.elementor-size-xl{font-size:39px}.elementor-widget-heading .elementor-heading-title.elementor-size-xxl{font-size:59px}<\/style><h2 class=\"elementor-heading-title elementor-size-default\">Cirug\u00eda General<\/h2>\t\t<\/div>\n\t\t\t\t<\/div>\n\t\t\t\t\t<\/div>\n\t\t<\/div>\n\t\t\t\t\t\t\t<\/div>\n\t\t<\/section>\n\t\t\t\t<section class=\"elementor-section elementor-top-section elementor-element elementor-element-cc576b8 elementor-section-boxed elementor-section-height-default elementor-section-height-default\" data-id=\"cc576b8\" data-element_type=\"section\">\n\t\t\t\t\t\t<div class=\"elementor-container elementor-column-gap-default\">\n\t\t\t\t\t<div class=\"elementor-column elementor-col-100 elementor-top-column elementor-element elementor-element-132a4fd\" data-id=\"132a4fd\" data-element_type=\"column\">\n\t\t\t<div class=\"elementor-widget-wrap elementor-element-populated\">\n\t\t\t\t\t\t\t\t<div class=\"elementor-element elementor-element-b7452a7 elementor-widget elementor-widget-heading\" data-id=\"b7452a7\" data-element_type=\"widget\" data-widget_type=\"heading.default\">\n\t\t\t\t<div class=\"elementor-widget-container\">\n\t\t\t<h2 class=\"elementor-heading-title elementor-size-default\">Cirug\u00eda General<\/h2>\t\t<\/div>\n\t\t\t\t<\/div>\n\t\t\t\t<div class=\"elementor-element elementor-element-a521b1b elementor-widget elementor-widget-text-editor\" data-id=\"a521b1b\" data-element_type=\"widget\" data-widget_type=\"text-editor.default\">\n\t\t\t\t<div class=\"elementor-widget-container\">\n\t\t\t<style>\/*! elementor - v3.8.1 - 13-11-2022 *\/\n.elementor-widget-text-editor.elementor-drop-cap-view-stacked .elementor-drop-cap{background-color:#818a91;color:#fff}.elementor-widget-text-editor.elementor-drop-cap-view-framed .elementor-drop-cap{color:#818a91;border:3px solid;background-color:transparent}.elementor-widget-text-editor:not(.elementor-drop-cap-view-default) .elementor-drop-cap{margin-top:8px}.elementor-widget-text-editor:not(.elementor-drop-cap-view-default) .elementor-drop-cap-letter{width:1em;height:1em}.elementor-widget-text-editor .elementor-drop-cap{float:left;text-align:center;line-height:1;font-size:50px}.elementor-widget-text-editor .elementor-drop-cap-letter{display:inline-block}<\/style>\t\t\t\t<p style=\"margin: 0cm; margin-bottom: .0001pt; text-align: justify; line-height: 150%;\"><span style=\"font-size: 11.0pt; line-height: 150%; font-family: 'Cambria','serif';\">La Cirug\u00eda General comprende el diagn\u00f3stico y tratamiento de enfermedades que se resuelven por procedimientos quir\u00fargicos o potencialmente quir\u00fargicos tanto electivos como de urgencia, como ejemplo en los siguientes \u00f3rganos y aparatos: ap\u00e9ndice, ves\u00edcula biliar y v\u00edas biliares del aparato digestivo, tiroides del sistema endocrino, mama, piel y partes blandas, pared abdominal entre otros.<\/span><\/p>\t\t\t\t\t\t<\/div>\n\t\t\t\t<\/div>\n\t\t\t\t\t<\/div>\n\t\t<\/div>\n\t\t\t\t\t\t\t<\/div>\n\t\t<\/section>\n\t\t\t\t<section class=\"elementor-section elementor-top-section elementor-element elementor-element-9ff421b elementor-section-content-middle elementor-reverse-mobile elementor-section-boxed elementor-section-height-default elementor-section-height-default\" data-id=\"9ff421b\" data-element_type=\"section\" data-settings=\"{&quot;background_background&quot;:&quot;classic&quot;}\">\n\t\t\t\t\t\t<div class=\"elementor-container elementor-column-gap-no\">\n\t\t\t\t\t<div class=\"elementor-column elementor-col-33 elementor-top-column elementor-element elementor-element-4b149e8\" data-id=\"4b149e8\" data-element_type=\"column\">\n\t\t\t<div class=\"elementor-widget-wrap elementor-element-populated\">\n\t\t\t\t\t\t\t\t<div class=\"elementor-element elementor-element-1537a5f elementor-widget elementor-widget-image\" data-id=\"1537a5f\" data-element_type=\"widget\" data-widget_type=\"image.default\">\n\t\t\t\t<div class=\"elementor-widget-container\">\n\t\t\t<style>\/*! elementor - v3.8.1 - 13-11-2022 *\/\n.elementor-widget-image{text-align:center}.elementor-widget-image a{display:inline-block}.elementor-widget-image a img[src$=\".svg\"]{width:48px}.elementor-widget-image img{vertical-align:middle;display:inline-block}<\/style>\t\t\t\t\t\t\t\t\t\t\t\t<img loading=\"lazy\" decoding=\"async\" width=\"410\" height=\"608\" src=\"https:\/\/www.hmunicipal.gob.ec\/sitio\/wp-content\/uploads\/2022\/12\/Dr.-Luis-Cazar-Cirujano.png\" class=\"attachment-large size-large\" alt=\"\" srcset=\"https:\/\/www.hmunicipal.gob.ec\/sitio\/wp-content\/uploads\/2022\/12\/Dr.-Luis-Cazar-Cirujano.png 410w, https:\/\/www.hmunicipal.gob.ec\/sitio\/wp-content\/uploads\/2022\/12\/Dr.-Luis-Cazar-Cirujano-202x300.png 202w\" sizes=\"auto, (max-width: 410px) 100vw, 410px\" \/>\t\t\t\t\t\t\t\t\t\t\t\t\t\t\t<\/div>\n\t\t\t\t<\/div>\n\t\t\t\t\t<\/div>\n\t\t<\/div>\n\t\t\t\t<div class=\"elementor-column elementor-col-33 elementor-top-column elementor-element elementor-element-c153e1f elementor-hidden-phone\" data-id=\"c153e1f\" data-element_type=\"column\">\n\t\t\t<div class=\"elementor-widget-wrap elementor-element-populated\">\n\t\t\t\t\t\t\t\t<div class=\"elementor-element elementor-element-01b9436 elementor-widget elementor-widget-heading\" data-id=\"01b9436\" data-element_type=\"widget\" data-widget_type=\"heading.default\">\n\t\t\t\t<div class=\"elementor-widget-container\">\n\t\t\t<h5 class=\"elementor-heading-title elementor-size-default\">Especialista<\/h5>\t\t<\/div>\n\t\t\t\t<\/div>\n\t\t\t\t<div class=\"elementor-element elementor-element-ffeaca7 elementor-widget elementor-widget-text-editor\" data-id=\"ffeaca7\" data-element_type=\"widget\" data-widget_type=\"text-editor.default\">\n\t\t\t\t<div class=\"elementor-widget-container\">\n\t\t\t\t\t\t\t<p><strong>Nombre:<\/strong> Luis Fabricio Cazar Gallegos<\/p>\n<p><strong>Titulado en:<\/strong> Universidad Central del Ecuador<\/p>\n<p><strong>Especialidad: <\/strong>Cirug\u00eda Laparosc\u00f3pica<\/p>\n<p><strong>Email:<\/strong> <a href=\"mailto:lcazar@hospitalmunicipal.gob.ec\">lcazar@hospitalmunicipal.gob.ec<\/a><\/p>\n<p>Horario de atenci\u00f3n de 07:00 a 15:30 de lunes a viernes.<\/p>\t\t\t\t\t\t<\/div>\n\t\t\t\t<\/div>\n\t\t\t\t<div class=\"elementor-element elementor-element-8a704ce jkit-social-shape shape-none elementor-widget elementor-widget-jkit_social_share\" data-id=\"8a704ce\" data-element_type=\"widget\" data-widget_type=\"jkit_social_share.default\">\n\t\t\t\t<div class=\"elementor-widget-container\">\n\t\t\t<div class=\"jeg-elementor-kit jkit-social-share jeg_module___69ff33cfa263c\"><ul class=\"social-share-list\"><li class=\"elementor-repeater-item-2e4de1d\" data-social=\"facebook\">\n\t\t\t\t<a class=\"facebook social-icon\"><i aria-hidden=\"true\" class=\"fab fa-facebook-f\"><\/i><\/a>\n\t\t\t<\/li><li class=\"elementor-repeater-item-343dcc1\" data-social=\"twitter\">\n\t\t\t\t<a class=\"twitter social-icon\"><i aria-hidden=\"true\" class=\"fab fa-twitter\"><\/i><\/a>\n\t\t\t<\/li><li class=\"elementor-repeater-item-9416082\" data-social=\"linkedin\">\n\t\t\t\t<a class=\"linkedin social-icon\"><i aria-hidden=\"true\" class=\"fab fa-linkedin-in\"><\/i><\/a>\n\t\t\t<\/li><\/ul><\/div>\t\t<\/div>\n\t\t\t\t<\/div>\n\t\t\t\t\t<\/div>\n\t\t<\/div>\n\t\t\t\t<div class=\"elementor-column elementor-col-33 elementor-top-column elementor-element elementor-element-8dc959f\" data-id=\"8dc959f\" data-element_type=\"column\">\n\t\t\t<div class=\"elementor-widget-wrap elementor-element-populated\">\n\t\t\t\t\t\t\t\t<div class=\"elementor-element elementor-element-a5a1ef7 elementor-widget elementor-widget-image\" data-id=\"a5a1ef7\" data-element_type=\"widget\" data-widget_type=\"image.default\">\n\t\t\t\t<div class=\"elementor-widget-container\">\n\t\t\t\t\t\t\t\t\t\t\t\t\t\t\t<img loading=\"lazy\" decoding=\"async\" width=\"800\" height=\"210\" src=\"https:\/\/www.hmunicipal.gob.ec\/sitio\/wp-content\/uploads\/2022\/12\/sin-fondo-1024x269.png\" class=\"attachment-large size-large\" alt=\"\" srcset=\"https:\/\/www.hmunicipal.gob.ec\/sitio\/wp-content\/uploads\/2022\/12\/sin-fondo-1024x269.png 1024w, https:\/\/www.hmunicipal.gob.ec\/sitio\/wp-content\/uploads\/2022\/12\/sin-fondo-300x79.png 300w, https:\/\/www.hmunicipal.gob.ec\/sitio\/wp-content\/uploads\/2022\/12\/sin-fondo-768x202.png 768w, https:\/\/www.hmunicipal.gob.ec\/sitio\/wp-content\/uploads\/2022\/12\/sin-fondo.png 1233w\" sizes=\"auto, (max-width: 800px) 100vw, 800px\" \/>\t\t\t\t\t\t\t\t\t\t\t\t\t\t\t<\/div>\n\t\t\t\t<\/div>\n\t\t\t\t\t<\/div>\n\t\t<\/div>\n\t\t\t\t\t\t\t<\/div>\n\t\t<\/section>\n\t\t\t\t\t\t\t<\/div>\n\t\t","protected":false},"excerpt":{"rendered":"<p>Cirug\u00eda General Cirug\u00eda General La Cirug\u00eda General comprende el diagn\u00f3stico y tratamiento de enfermedades que se resuelven por procedimientos quir\u00fargicos o potencialmente quir\u00fargicos tanto electivos como de urgencia, como ejemplo en los siguientes \u00f3rganos y aparatos: ap\u00e9ndice, ves\u00edcula biliar y v\u00edas biliares del aparato digestivo, tiroides del sistema endocrino, mama, piel y partes blandas, pared [&hellip;]<\/p>\n","protected":false},"author":1,"featured_media":0,"parent":0,"menu_order":0,"comment_status":"closed","ping_status":"closed","template":"","meta":{"footnotes":""},"class_list":["post-1037","page","type-page","status-publish","hentry"],"_links":{"self":[{"href":"https:\/\/www.hmunicipal.gob.ec\/sitio\/wp-json\/wp\/v2\/pages\/1037","targetHints":{"allow":["GET"]}}],"collection":[{"href":"https:\/\/www.hmunicipal.gob.ec\/sitio\/wp-json\/wp\/v2\/pages"}],"about":[{"href":"https:\/\/www.hmunicipal.gob.ec\/sitio\/wp-json\/wp\/v2\/types\/page"}],"author":[{"embeddable":true,"href":"https:\/\/www.hmunicipal.gob.ec\/sitio\/wp-json\/wp\/v2\/users\/1"}],"replies":[{"embeddable":true,"href":"https:\/\/www.hmunicipal.gob.ec\/sitio\/wp-json\/wp\/v2\/comments?post=1037"}],"version-history":[{"count":61,"href":"https:\/\/www.hmunicipal.gob.ec\/sitio\/wp-json\/wp\/v2\/pages\/1037\/revisions"}],"predecessor-version":[{"id":5320,"href":"https:\/\/www.hmunicipal.gob.ec\/sitio\/wp-json\/wp\/v2\/pages\/1037\/revisions\/5320"}],"wp:attachment":[{"href":"https:\/\/www.hmunicipal.gob.ec\/sitio\/wp-json\/wp\/v2\/media?parent=1037"}],"curies":[{"name":"wp","href":"https:\/\/api.w.org\/{rel}","templated":true}]}}