{"id":1077,"date":"2022-12-12T07:17:30","date_gmt":"2022-12-12T07:17:30","guid":{"rendered":"https:\/\/www.hmunicipal.gob.ec\/sitio\/membership-copy-copy-2-copy-copy-copy-2-copy-copy-copy-copy-copy\/"},"modified":"2024-02-07T21:24:00","modified_gmt":"2024-02-07T21:24:00","slug":"membership-copy-copy-2-copy-copy-copy-2-copy-copy-copy-copy-copy","status":"publish","type":"page","link":"https:\/\/www.hmunicipal.gob.ec\/sitio\/membership-copy-copy-2-copy-copy-copy-2-copy-copy-copy-copy-copy\/","title":{"rendered":"Ginecolog\u00eda"},"content":{"rendered":"\t\t<div data-elementor-type=\"wp-page\" data-elementor-id=\"1077\" class=\"elementor elementor-1077\">\n\t\t\t\t\t\t\t\t\t<section class=\"elementor-section elementor-top-section elementor-element elementor-element-76d141b2 elementor-section-boxed elementor-section-height-default elementor-section-height-default\" data-id=\"76d141b2\" data-element_type=\"section\" data-settings=\"{&quot;background_background&quot;:&quot;classic&quot;}\">\n\t\t\t\t\t\t\t<div class=\"elementor-background-overlay\"><\/div>\n\t\t\t\t\t\t\t<div class=\"elementor-container elementor-column-gap-no\">\n\t\t\t\t\t<div class=\"elementor-column elementor-col-100 elementor-top-column elementor-element elementor-element-1b42fcb2\" data-id=\"1b42fcb2\" data-element_type=\"column\">\n\t\t\t<div class=\"elementor-widget-wrap elementor-element-populated\">\n\t\t\t\t\t\t\t\t<div class=\"elementor-element elementor-element-7eaf78f0 elementor-widget elementor-widget-heading\" data-id=\"7eaf78f0\" data-element_type=\"widget\" data-widget_type=\"heading.default\">\n\t\t\t\t<div class=\"elementor-widget-container\">\n\t\t\t<style>\/*! elementor - v3.8.1 - 13-11-2022 *\/\n.elementor-heading-title{padding:0;margin:0;line-height:1}.elementor-widget-heading .elementor-heading-title[class*=elementor-size-]>a{color:inherit;font-size:inherit;line-height:inherit}.elementor-widget-heading .elementor-heading-title.elementor-size-small{font-size:15px}.elementor-widget-heading .elementor-heading-title.elementor-size-medium{font-size:19px}.elementor-widget-heading .elementor-heading-title.elementor-size-large{font-size:29px}.elementor-widget-heading .elementor-heading-title.elementor-size-xl{font-size:39px}.elementor-widget-heading .elementor-heading-title.elementor-size-xxl{font-size:59px}<\/style><h2 class=\"elementor-heading-title elementor-size-default\">Ginecolog\u00eda<\/h2>\t\t<\/div>\n\t\t\t\t<\/div>\n\t\t\t\t\t<\/div>\n\t\t<\/div>\n\t\t\t\t\t\t\t<\/div>\n\t\t<\/section>\n\t\t\t\t<section class=\"elementor-section elementor-top-section elementor-element elementor-element-cc576b8 elementor-section-boxed elementor-section-height-default elementor-section-height-default\" data-id=\"cc576b8\" data-element_type=\"section\">\n\t\t\t\t\t\t<div class=\"elementor-container elementor-column-gap-default\">\n\t\t\t\t\t<div class=\"elementor-column elementor-col-100 elementor-top-column elementor-element elementor-element-132a4fd\" data-id=\"132a4fd\" data-element_type=\"column\">\n\t\t\t<div class=\"elementor-widget-wrap elementor-element-populated\">\n\t\t\t\t\t\t\t\t<div class=\"elementor-element elementor-element-b7452a7 elementor-widget elementor-widget-heading\" data-id=\"b7452a7\" data-element_type=\"widget\" data-widget_type=\"heading.default\">\n\t\t\t\t<div class=\"elementor-widget-container\">\n\t\t\t<h2 class=\"elementor-heading-title elementor-size-default\">Ginecolog\u00eda<\/h2>\t\t<\/div>\n\t\t\t\t<\/div>\n\t\t\t\t<div class=\"elementor-element elementor-element-a521b1b elementor-widget elementor-widget-text-editor\" data-id=\"a521b1b\" data-element_type=\"widget\" data-widget_type=\"text-editor.default\">\n\t\t\t\t<div class=\"elementor-widget-container\">\n\t\t\t<style>\/*! elementor - v3.8.1 - 13-11-2022 *\/\n.elementor-widget-text-editor.elementor-drop-cap-view-stacked .elementor-drop-cap{background-color:#818a91;color:#fff}.elementor-widget-text-editor.elementor-drop-cap-view-framed .elementor-drop-cap{color:#818a91;border:3px solid;background-color:transparent}.elementor-widget-text-editor:not(.elementor-drop-cap-view-default) .elementor-drop-cap{margin-top:8px}.elementor-widget-text-editor:not(.elementor-drop-cap-view-default) .elementor-drop-cap-letter{width:1em;height:1em}.elementor-widget-text-editor .elementor-drop-cap{float:left;text-align:center;line-height:1;font-size:50px}.elementor-widget-text-editor .elementor-drop-cap-letter{display:inline-block}<\/style>\t\t\t\t<p style=\"margin: 0cm; margin-bottom: .0001pt; text-align: justify; line-height: 150%;\"><span style=\"font-size: 11.0pt; line-height: 150%; font-family: 'Cambria','serif';\">Ginecolog\u00eda es la ciencia que estudia espec\u00edficamente a la mujer. Es una especialidad m\u00e9dica y quir\u00fargica que trata las enfermedades del sistema reproductor femenino (\u00fatero, trompas, vagina y ovarios). Los procedimientos que se aplican son: ces\u00e1reas, toma de papanicolaou, colocaci\u00f3n de implantes, colposcopia, toma de biopsias, retiro de implantes, control prenatal, planificaci\u00f3n familiar, y otros procedimientos quir\u00fargicos.<\/span><\/p>\t\t\t\t\t\t<\/div>\n\t\t\t\t<\/div>\n\t\t\t\t\t<\/div>\n\t\t<\/div>\n\t\t\t\t\t\t\t<\/div>\n\t\t<\/section>\n\t\t\t\t<section class=\"elementor-section elementor-top-section elementor-element elementor-element-d5a1a2d elementor-section-content-middle elementor-reverse-mobile elementor-section-boxed elementor-section-height-default elementor-section-height-default\" data-id=\"d5a1a2d\" data-element_type=\"section\" data-settings=\"{&quot;background_background&quot;:&quot;classic&quot;}\">\n\t\t\t\t\t\t<div class=\"elementor-container elementor-column-gap-no\">\n\t\t\t\t\t<div class=\"elementor-column elementor-col-33 elementor-top-column elementor-element elementor-element-7ba4a3c\" data-id=\"7ba4a3c\" data-element_type=\"column\">\n\t\t\t<div class=\"elementor-widget-wrap elementor-element-populated\">\n\t\t\t\t\t\t\t\t<div class=\"elementor-element elementor-element-e96663c elementor-widget elementor-widget-image\" data-id=\"e96663c\" data-element_type=\"widget\" data-widget_type=\"image.default\">\n\t\t\t\t<div class=\"elementor-widget-container\">\n\t\t\t<style>\/*! elementor - v3.8.1 - 13-11-2022 *\/\n.elementor-widget-image{text-align:center}.elementor-widget-image a{display:inline-block}.elementor-widget-image a img[src$=\".svg\"]{width:48px}.elementor-widget-image img{vertical-align:middle;display:inline-block}<\/style>\t\t\t\t\t\t\t\t\t\t\t\t<img loading=\"lazy\" decoding=\"async\" width=\"407\" height=\"612\" src=\"https:\/\/www.hmunicipal.gob.ec\/sitio\/wp-content\/uploads\/2022\/12\/Dra.-Paola-Zurita-Ginecologa.png\" class=\"attachment-large size-large\" alt=\"\" srcset=\"https:\/\/www.hmunicipal.gob.ec\/sitio\/wp-content\/uploads\/2022\/12\/Dra.-Paola-Zurita-Ginecologa.png 407w, https:\/\/www.hmunicipal.gob.ec\/sitio\/wp-content\/uploads\/2022\/12\/Dra.-Paola-Zurita-Ginecologa-200x300.png 200w\" sizes=\"auto, (max-width: 407px) 100vw, 407px\" \/>\t\t\t\t\t\t\t\t\t\t\t\t\t\t\t<\/div>\n\t\t\t\t<\/div>\n\t\t\t\t\t<\/div>\n\t\t<\/div>\n\t\t\t\t<div class=\"elementor-column elementor-col-33 elementor-top-column elementor-element elementor-element-0ca0ddb elementor-hidden-phone\" data-id=\"0ca0ddb\" data-element_type=\"column\">\n\t\t\t<div class=\"elementor-widget-wrap elementor-element-populated\">\n\t\t\t\t\t\t\t\t<div class=\"elementor-element elementor-element-7a036db elementor-widget elementor-widget-heading\" data-id=\"7a036db\" data-element_type=\"widget\" data-widget_type=\"heading.default\">\n\t\t\t\t<div class=\"elementor-widget-container\">\n\t\t\t<h5 class=\"elementor-heading-title elementor-size-default\">Especialista<\/h5>\t\t<\/div>\n\t\t\t\t<\/div>\n\t\t\t\t<div class=\"elementor-element elementor-element-62c1802 elementor-widget elementor-widget-text-editor\" data-id=\"62c1802\" data-element_type=\"widget\" data-widget_type=\"text-editor.default\">\n\t\t\t\t<div class=\"elementor-widget-container\">\n\t\t\t\t\t\t\t<p><strong>Nombre: <\/strong>Gabriela Paola Zurita Rosero<\/p><p><strong>Titulado en: <\/strong>Universidad Cat\u00f3lica del Ecuador<\/p><p><strong>Especialidad:<\/strong> Ginecolog\u00eda y Obstetricia<\/p><p><strong>Email:<\/strong> <a href=\"mailto:pzurita@hospitalmunicipal.gob.ec\">pzurita@hospitalmunicipal.gob.ec<\/a><\/p><p>Horario de atenci\u00f3n de 07:00 a 15:30 de lunes a viernes.<\/p>\t\t\t\t\t\t<\/div>\n\t\t\t\t<\/div>\n\t\t\t\t<div class=\"elementor-element elementor-element-f87579c jkit-social-shape shape-none elementor-widget elementor-widget-jkit_social_share\" data-id=\"f87579c\" data-element_type=\"widget\" data-widget_type=\"jkit_social_share.default\">\n\t\t\t\t<div class=\"elementor-widget-container\">\n\t\t\t<div class=\"jeg-elementor-kit jkit-social-share jeg_module___69ff33d1e1c8b\"><ul class=\"social-share-list\"><li class=\"elementor-repeater-item-2e4de1d\" data-social=\"facebook\">\n\t\t\t\t<a class=\"facebook social-icon\"><i aria-hidden=\"true\" class=\"fab fa-facebook-f\"><\/i><\/a>\n\t\t\t<\/li><li class=\"elementor-repeater-item-343dcc1\" data-social=\"twitter\">\n\t\t\t\t<a class=\"twitter social-icon\"><i aria-hidden=\"true\" class=\"fab fa-twitter\"><\/i><\/a>\n\t\t\t<\/li><li class=\"elementor-repeater-item-9416082\" data-social=\"linkedin\">\n\t\t\t\t<a class=\"linkedin social-icon\"><i aria-hidden=\"true\" class=\"fab fa-linkedin-in\"><\/i><\/a>\n\t\t\t<\/li><\/ul><\/div>\t\t<\/div>\n\t\t\t\t<\/div>\n\t\t\t\t\t<\/div>\n\t\t<\/div>\n\t\t\t\t<div class=\"elementor-column elementor-col-33 elementor-top-column elementor-element elementor-element-5ef32b8\" data-id=\"5ef32b8\" data-element_type=\"column\">\n\t\t\t<div class=\"elementor-widget-wrap elementor-element-populated\">\n\t\t\t\t\t\t\t\t<div class=\"elementor-element elementor-element-19ab49a elementor-widget elementor-widget-image\" data-id=\"19ab49a\" data-element_type=\"widget\" data-widget_type=\"image.default\">\n\t\t\t\t<div class=\"elementor-widget-container\">\n\t\t\t\t\t\t\t\t\t\t\t\t\t\t\t<img loading=\"lazy\" decoding=\"async\" width=\"800\" height=\"210\" src=\"https:\/\/www.hmunicipal.gob.ec\/sitio\/wp-content\/uploads\/2022\/12\/sin-fondo-1024x269.png\" class=\"attachment-large size-large\" alt=\"\" srcset=\"https:\/\/www.hmunicipal.gob.ec\/sitio\/wp-content\/uploads\/2022\/12\/sin-fondo-1024x269.png 1024w, https:\/\/www.hmunicipal.gob.ec\/sitio\/wp-content\/uploads\/2022\/12\/sin-fondo-300x79.png 300w, https:\/\/www.hmunicipal.gob.ec\/sitio\/wp-content\/uploads\/2022\/12\/sin-fondo-768x202.png 768w, https:\/\/www.hmunicipal.gob.ec\/sitio\/wp-content\/uploads\/2022\/12\/sin-fondo.png 1233w\" sizes=\"auto, (max-width: 800px) 100vw, 800px\" \/>\t\t\t\t\t\t\t\t\t\t\t\t\t\t\t<\/div>\n\t\t\t\t<\/div>\n\t\t\t\t\t<\/div>\n\t\t<\/div>\n\t\t\t\t\t\t\t<\/div>\n\t\t<\/section>\n\t\t\t\t<section class=\"elementor-section elementor-top-section elementor-element elementor-element-fb6708a elementor-section-content-middle elementor-reverse-mobile elementor-section-boxed elementor-section-height-default elementor-section-height-default\" data-id=\"fb6708a\" data-element_type=\"section\" data-settings=\"{&quot;background_background&quot;:&quot;classic&quot;}\">\n\t\t\t\t\t\t<div class=\"elementor-container elementor-column-gap-no\">\n\t\t\t\t\t<div class=\"elementor-column elementor-col-33 elementor-top-column elementor-element elementor-element-59e4412\" data-id=\"59e4412\" data-element_type=\"column\">\n\t\t\t<div class=\"elementor-widget-wrap elementor-element-populated\">\n\t\t\t\t\t\t\t\t<div class=\"elementor-element elementor-element-aced370 elementor-widget elementor-widget-image\" data-id=\"aced370\" data-element_type=\"widget\" data-widget_type=\"image.default\">\n\t\t\t\t<div class=\"elementor-widget-container\">\n\t\t\t\t\t\t\t\t\t\t\t\t\t\t\t<img loading=\"lazy\" decoding=\"async\" width=\"411\" height=\"607\" src=\"https:\/\/www.hmunicipal.gob.ec\/sitio\/wp-content\/uploads\/2022\/12\/Dr.-Milton-Robalino-Ginecologo.png\" class=\"attachment-large size-large\" alt=\"\" srcset=\"https:\/\/www.hmunicipal.gob.ec\/sitio\/wp-content\/uploads\/2022\/12\/Dr.-Milton-Robalino-Ginecologo.png 411w, https:\/\/www.hmunicipal.gob.ec\/sitio\/wp-content\/uploads\/2022\/12\/Dr.-Milton-Robalino-Ginecologo-203x300.png 203w\" sizes=\"auto, (max-width: 411px) 100vw, 411px\" \/>\t\t\t\t\t\t\t\t\t\t\t\t\t\t\t<\/div>\n\t\t\t\t<\/div>\n\t\t\t\t\t<\/div>\n\t\t<\/div>\n\t\t\t\t<div class=\"elementor-column elementor-col-33 elementor-top-column elementor-element elementor-element-0236a92 elementor-hidden-phone\" data-id=\"0236a92\" data-element_type=\"column\">\n\t\t\t<div class=\"elementor-widget-wrap elementor-element-populated\">\n\t\t\t\t\t\t\t\t<div class=\"elementor-element elementor-element-c3eed81 elementor-widget elementor-widget-heading\" data-id=\"c3eed81\" data-element_type=\"widget\" data-widget_type=\"heading.default\">\n\t\t\t\t<div class=\"elementor-widget-container\">\n\t\t\t<h5 class=\"elementor-heading-title elementor-size-default\">Especialista<\/h5>\t\t<\/div>\n\t\t\t\t<\/div>\n\t\t\t\t<div class=\"elementor-element elementor-element-dbc4843 elementor-widget elementor-widget-text-editor\" data-id=\"dbc4843\" data-element_type=\"widget\" data-widget_type=\"text-editor.default\">\n\t\t\t\t<div class=\"elementor-widget-container\">\n\t\t\t\t\t\t\t<p><strong>Nombre: <\/strong>Milton Rodolfo Robalino Morejon<\/p>\n<p><strong>Titulado en: <\/strong>Universidad Nacional de Loja<\/p>\n<p><strong>Especialidad:<\/strong> Ginecolog\u00eda y Obstetricia<\/p>\n<p><strong>Email:<\/strong> <a href=\"mailto:mrobalino@hospitalmunicipal.gob.ec\">mrobalino@hospitalmunicipal.gob.ec<\/a><\/p>\n<p>Horario de atenci\u00f3n de 07:00 a 15:30 de lunes a viernes.<\/p>\t\t\t\t\t\t<\/div>\n\t\t\t\t<\/div>\n\t\t\t\t<div class=\"elementor-element elementor-element-405678b jkit-social-shape shape-none elementor-widget elementor-widget-jkit_social_share\" data-id=\"405678b\" data-element_type=\"widget\" data-widget_type=\"jkit_social_share.default\">\n\t\t\t\t<div class=\"elementor-widget-container\">\n\t\t\t<div class=\"jeg-elementor-kit jkit-social-share jeg_module__1_69ff33d1e8c88\"><ul class=\"social-share-list\"><li class=\"elementor-repeater-item-2e4de1d\" data-social=\"facebook\">\n\t\t\t\t<a class=\"facebook social-icon\"><i aria-hidden=\"true\" class=\"fab fa-facebook-f\"><\/i><\/a>\n\t\t\t<\/li><li class=\"elementor-repeater-item-343dcc1\" data-social=\"twitter\">\n\t\t\t\t<a class=\"twitter social-icon\"><i aria-hidden=\"true\" class=\"fab fa-twitter\"><\/i><\/a>\n\t\t\t<\/li><li class=\"elementor-repeater-item-9416082\" data-social=\"linkedin\">\n\t\t\t\t<a class=\"linkedin social-icon\"><i aria-hidden=\"true\" class=\"fab fa-linkedin-in\"><\/i><\/a>\n\t\t\t<\/li><\/ul><\/div>\t\t<\/div>\n\t\t\t\t<\/div>\n\t\t\t\t\t<\/div>\n\t\t<\/div>\n\t\t\t\t<div class=\"elementor-column elementor-col-33 elementor-top-column elementor-element elementor-element-b835144\" data-id=\"b835144\" data-element_type=\"column\">\n\t\t\t<div class=\"elementor-widget-wrap elementor-element-populated\">\n\t\t\t\t\t\t\t\t<div class=\"elementor-element elementor-element-514e299 elementor-widget elementor-widget-image\" data-id=\"514e299\" data-element_type=\"widget\" data-widget_type=\"image.default\">\n\t\t\t\t<div class=\"elementor-widget-container\">\n\t\t\t\t\t\t\t\t\t\t\t\t\t\t\t<img loading=\"lazy\" decoding=\"async\" width=\"800\" height=\"210\" src=\"https:\/\/www.hmunicipal.gob.ec\/sitio\/wp-content\/uploads\/2022\/12\/sin-fondo-1024x269.png\" class=\"attachment-large size-large\" alt=\"\" srcset=\"https:\/\/www.hmunicipal.gob.ec\/sitio\/wp-content\/uploads\/2022\/12\/sin-fondo-1024x269.png 1024w, https:\/\/www.hmunicipal.gob.ec\/sitio\/wp-content\/uploads\/2022\/12\/sin-fondo-300x79.png 300w, https:\/\/www.hmunicipal.gob.ec\/sitio\/wp-content\/uploads\/2022\/12\/sin-fondo-768x202.png 768w, https:\/\/www.hmunicipal.gob.ec\/sitio\/wp-content\/uploads\/2022\/12\/sin-fondo.png 1233w\" sizes=\"auto, (max-width: 800px) 100vw, 800px\" \/>\t\t\t\t\t\t\t\t\t\t\t\t\t\t\t<\/div>\n\t\t\t\t<\/div>\n\t\t\t\t\t<\/div>\n\t\t<\/div>\n\t\t\t\t\t\t\t<\/div>\n\t\t<\/section>\n\t\t\t\t\t\t\t<\/div>\n\t\t","protected":false},"excerpt":{"rendered":"<p>Ginecolog\u00eda Ginecolog\u00eda Ginecolog\u00eda es la ciencia que estudia espec\u00edficamente a la mujer. Es una especialidad m\u00e9dica y quir\u00fargica que trata las enfermedades del sistema reproductor femenino (\u00fatero, trompas, vagina y ovarios). Los procedimientos que se aplican son: ces\u00e1reas, toma de papanicolaou, colocaci\u00f3n de implantes, colposcopia, toma de biopsias, retiro de implantes, control prenatal, planificaci\u00f3n familiar, [&hellip;]<\/p>\n","protected":false},"author":1,"featured_media":0,"parent":0,"menu_order":0,"comment_status":"closed","ping_status":"closed","template":"","meta":{"footnotes":""},"class_list":["post-1077","page","type-page","status-publish","hentry"],"_links":{"self":[{"href":"https:\/\/www.hmunicipal.gob.ec\/sitio\/wp-json\/wp\/v2\/pages\/1077","targetHints":{"allow":["GET"]}}],"collection":[{"href":"https:\/\/www.hmunicipal.gob.ec\/sitio\/wp-json\/wp\/v2\/pages"}],"about":[{"href":"https:\/\/www.hmunicipal.gob.ec\/sitio\/wp-json\/wp\/v2\/types\/page"}],"author":[{"embeddable":true,"href":"https:\/\/www.hmunicipal.gob.ec\/sitio\/wp-json\/wp\/v2\/users\/1"}],"replies":[{"embeddable":true,"href":"https:\/\/www.hmunicipal.gob.ec\/sitio\/wp-json\/wp\/v2\/comments?post=1077"}],"version-history":[{"count":85,"href":"https:\/\/www.hmunicipal.gob.ec\/sitio\/wp-json\/wp\/v2\/pages\/1077\/revisions"}],"predecessor-version":[{"id":4835,"href":"https:\/\/www.hmunicipal.gob.ec\/sitio\/wp-json\/wp\/v2\/pages\/1077\/revisions\/4835"}],"wp:attachment":[{"href":"https:\/\/www.hmunicipal.gob.ec\/sitio\/wp-json\/wp\/v2\/media?parent=1077"}],"curies":[{"name":"wp","href":"https:\/\/api.w.org\/{rel}","templated":true}]}}