{"id":2744,"date":"2022-12-19T22:39:48","date_gmt":"2022-12-19T22:39:48","guid":{"rendered":"https:\/\/www.hmunicipal.gob.ec\/sitio\/membership-copy-copy-2-copy-copy-copy-2-copy-copy-copy-copy-copy-2-copy-copy-copy-2-copy\/"},"modified":"2022-12-27T13:34:36","modified_gmt":"2022-12-27T13:34:36","slug":"membership-copy-copy-2-copy-copy-copy-2-copy-copy-copy-copy-copy-2-copy-copy-copy-2-copy","status":"publish","type":"page","link":"https:\/\/www.hmunicipal.gob.ec\/sitio\/membership-copy-copy-2-copy-copy-copy-2-copy-copy-copy-copy-copy-2-copy-copy-copy-2-copy\/","title":{"rendered":"Concurso M\u00e9ritos Oposici\u00f3n 2018"},"content":{"rendered":"\t\t<div data-elementor-type=\"wp-page\" data-elementor-id=\"2744\" class=\"elementor elementor-2744\">\n\t\t\t\t\t\t\t\t\t<section class=\"elementor-section elementor-top-section elementor-element elementor-element-76d141b2 elementor-section-boxed elementor-section-height-default elementor-section-height-default\" data-id=\"76d141b2\" data-element_type=\"section\" data-settings=\"{&quot;background_background&quot;:&quot;classic&quot;}\">\n\t\t\t\t\t\t\t<div class=\"elementor-background-overlay\"><\/div>\n\t\t\t\t\t\t\t<div class=\"elementor-container elementor-column-gap-no\">\n\t\t\t\t\t<div class=\"elementor-column elementor-col-100 elementor-top-column elementor-element elementor-element-1b42fcb2\" data-id=\"1b42fcb2\" data-element_type=\"column\">\n\t\t\t<div class=\"elementor-widget-wrap elementor-element-populated\">\n\t\t\t\t\t\t\t\t<div class=\"elementor-element elementor-element-7eaf78f0 elementor-widget elementor-widget-heading\" data-id=\"7eaf78f0\" data-element_type=\"widget\" data-widget_type=\"heading.default\">\n\t\t\t\t<div class=\"elementor-widget-container\">\n\t\t\t<style>\/*! elementor - v3.8.1 - 13-11-2022 *\/\n.elementor-heading-title{padding:0;margin:0;line-height:1}.elementor-widget-heading .elementor-heading-title[class*=elementor-size-]>a{color:inherit;font-size:inherit;line-height:inherit}.elementor-widget-heading .elementor-heading-title.elementor-size-small{font-size:15px}.elementor-widget-heading .elementor-heading-title.elementor-size-medium{font-size:19px}.elementor-widget-heading .elementor-heading-title.elementor-size-large{font-size:29px}.elementor-widget-heading .elementor-heading-title.elementor-size-xl{font-size:39px}.elementor-widget-heading .elementor-heading-title.elementor-size-xxl{font-size:59px}<\/style><h2 class=\"elementor-heading-title elementor-size-default\">Concursos M\u00e9ritos y Oposici\u00f3n A\u00f1o 2018<\/h2>\t\t<\/div>\n\t\t\t\t<\/div>\n\t\t\t\t\t<\/div>\n\t\t<\/div>\n\t\t\t\t\t\t\t<\/div>\n\t\t<\/section>\n\t\t\t\t<section class=\"elementor-section elementor-top-section elementor-element elementor-element-cc576b8 elementor-section-boxed elementor-section-height-default elementor-section-height-default\" data-id=\"cc576b8\" data-element_type=\"section\">\n\t\t\t\t\t\t<div class=\"elementor-container elementor-column-gap-default\">\n\t\t\t\t\t<div class=\"elementor-column elementor-col-100 elementor-top-column elementor-element elementor-element-132a4fd\" data-id=\"132a4fd\" data-element_type=\"column\">\n\t\t\t<div class=\"elementor-widget-wrap elementor-element-populated\">\n\t\t\t\t\t\t\t\t\t<\/div>\n\t\t<\/div>\n\t\t\t\t\t\t\t<\/div>\n\t\t<\/section>\n\t\t\t\t<section class=\"elementor-section elementor-top-section elementor-element elementor-element-3d5d83a8 elementor-section-content-middle elementor-reverse-mobile elementor-section-boxed elementor-section-height-default elementor-section-height-default\" data-id=\"3d5d83a8\" data-element_type=\"section\" data-settings=\"{&quot;background_background&quot;:&quot;classic&quot;}\">\n\t\t\t\t\t\t<div class=\"elementor-container elementor-column-gap-no\">\n\t\t\t\t\t<div class=\"elementor-column elementor-col-50 elementor-top-column elementor-element elementor-element-4bd1ef6f elementor-hidden-phone\" data-id=\"4bd1ef6f\" data-element_type=\"column\">\n\t\t\t<div class=\"elementor-widget-wrap elementor-element-populated\">\n\t\t\t\t\t\t\t\t<div class=\"elementor-element elementor-element-53d64b1 elementor-widget elementor-widget-text-editor\" data-id=\"53d64b1\" data-element_type=\"widget\" data-widget_type=\"text-editor.default\">\n\t\t\t\t<div class=\"elementor-widget-container\">\n\t\t\t<style>\/*! elementor - v3.8.1 - 13-11-2022 *\/\n.elementor-widget-text-editor.elementor-drop-cap-view-stacked .elementor-drop-cap{background-color:#818a91;color:#fff}.elementor-widget-text-editor.elementor-drop-cap-view-framed .elementor-drop-cap{color:#818a91;border:3px solid;background-color:transparent}.elementor-widget-text-editor:not(.elementor-drop-cap-view-default) .elementor-drop-cap{margin-top:8px}.elementor-widget-text-editor:not(.elementor-drop-cap-view-default) .elementor-drop-cap-letter{width:1em;height:1em}.elementor-widget-text-editor .elementor-drop-cap{float:left;text-align:center;line-height:1;font-size:50px}.elementor-widget-text-editor .elementor-drop-cap-letter{display:inline-block}<\/style>\t\t\t\t<header><h2><b>CONCURSOS DE M\u00c9RITOS Y OPOSICI\u00d3N 2018, CRONOGRAMA EVALUACI\u00d3N\u00a0 <\/b><\/h2><p>\u00a0<\/p><br \/><div class=\"entry-meta entry-meta-below delimiter-dot\"><span class=\"byline\"><span class=\"author vcard\">Por Miguel Villaruel<\/span><\/span><span class=\"posted-on\"><time class=\"entry-date published updated\" datetime=\"2018-03-21T14:27:35+00:00\">21 marzo, 2018<\/time><\/span><span class=\"cat-links\">Noticias<\/span><\/div><p>Publicaci\u00f3n de los cornogramas de evaluaci\u00f3n para los concursos de m\u00e9ritos y oposici\u00f3n 2018<span id=\"more-1932\"><\/span><\/p><p><a href=\"https:\/\/drive.google.com\/file\/d\/1d1q4dtUm643TMJRBpo6LXYzaAls-qhEv\/view?usp=sharing\" target=\"_blank\" rel=\"noopener\">CRONOGRAMA PRUEBA ANALISTA TALENTO HUMANO<\/a><\/p><p><a href=\"https:\/\/drive.google.com\/file\/d\/1xJ2MSm4b8cIRapSqqDzMJGMqCHglrqnM\/view?usp=sharing\" target=\"_blank\" rel=\"noopener\">CRONOGRAMA PRUEBA ANESTESISTA<\/a><\/p><p><a href=\"https:\/\/drive.google.com\/file\/d\/1ZyMEYLIgENYzDwJsn2U140-_2VmH4ZaT\/view?usp=sharing\" target=\"_blank\" rel=\"noopener\">CRONOGRAMA PRUEBA ENFERMERIA<\/a><\/p><p><a href=\"https:\/\/drive.google.com\/file\/d\/1CKS7Dkrzq6_IRZjoOzUWmlwwJ9miqhaH\/view?usp=sharing\" target=\"_blank\" rel=\"noopener\">CRONOGRAMA PRUEBA JEFE ADMNINISTRATIVO<\/a><\/p><p><a href=\"https:\/\/drive.google.com\/file\/d\/1MAXUb5-yfNIXNKIwk0pQLV4qxnw-i07v\/view?usp=sharing\" target=\"_blank\" rel=\"noopener\">CRONOGRAMA PRUEBA LIDER ENFERMERIA<\/a><\/p><p><a href=\"https:\/\/drive.google.com\/file\/d\/1Bpiut7GX3WwS1KVUH5ru_Bnh943MB0D1\/view?usp=sharing\" target=\"_blank\" rel=\"noopener\">CRONOGRAMA PRUEBA M\u00c9DICO GENERAL<\/a><\/p><\/header><div><p><strong>\u00a0<\/strong><\/p><\/div>\t\t\t\t\t\t<\/div>\n\t\t\t\t<\/div>\n\t\t\t\t<div class=\"elementor-element elementor-element-29ba6f2 elementor-widget elementor-widget-text-editor\" data-id=\"29ba6f2\" data-element_type=\"widget\" data-widget_type=\"text-editor.default\">\n\t\t\t\t<div class=\"elementor-widget-container\">\n\t\t\t\t\t\t\t<header><div>\u00a0<\/div><div>\u00a0<\/div><div><h2><b>E<\/b>NTREVISTAS DE CONCURSOS M\u00c9RITO Y OPOSICI\u00d3N MARZO 2018<\/h2><div><div>Por Miguel Villaruel<time datetime=\"2018-04-05T17:57:03+00:00\">5 abril, 2018<\/time>Noticias<\/div><div><p>Publicaci\u00f3n de lugar, fecha y hora para entrevistas de los postulantes que obtuvieron primeros lugares.<\/p><p><a href=\"https:\/\/drive.google.com\/open?id=18rQy3ZYaqyX88KIVtk0-tdtVfj9E-GLS\">ENTREVISTA ANALISTA DE TALENTO HUMANO<\/a><\/p><p><a href=\"https:\/\/drive.google.com\/open?id=1e99tpdSPbmN3PQArg6SXZmeopDNeNUxg\">ENTREVISTA ENFERMERA<\/a><\/p><p><a href=\"https:\/\/drive.google.com\/open?id=1tpe73qbLPjkJjheB0tUl-WwJRe0_7ZGM\">ENTREVISTA LIDER DE ENFERMER\u00cdA<\/a><\/p><p><a href=\"https:\/\/drive.google.com\/open?id=13kgRqvI5FLE3WTOnjFKU2BCHoSzUBycz\">ENTREVISTA M\u00c9DICO GENERAL<\/a><\/p><\/div><div><p>\u00a0<\/p><\/div><\/div><\/div><\/header>\t\t\t\t\t\t<\/div>\n\t\t\t\t<\/div>\n\t\t\t\t<div class=\"elementor-element elementor-element-95ec935 elementor-widget elementor-widget-text-editor\" data-id=\"95ec935\" data-element_type=\"widget\" data-widget_type=\"text-editor.default\">\n\t\t\t\t<div class=\"elementor-widget-container\">\n\t\t\t\t\t\t\t<header><div>\u00a0<\/div><div>\u00a0<\/div><div><h2>CRONOGRAMA DE EVALUACIONES CONCURSO M\u00c9RITOS Y OPOSICI\u00d3N ABRIL 2018<\/h2><\/div><div><div class=\"entry-meta entry-meta-below delimiter-dot\"><span class=\"byline\"><span class=\"author vcard\">Por Miguel Villaruel<\/span><\/span><span class=\"posted-on\"><time class=\"entry-date published\" datetime=\"2018-04-20T15:42:36+00:00\">20 abril, 2018<\/time><\/span><span class=\"cat-links\">Noticias<\/span><\/div><p>Publicaci\u00f3n de los horarios para evaluaciones concursos ABRIL<span id=\"more-1963\"><\/span><\/p><p><a href=\"https:\/\/drive.google.com\/file\/d\/1n_HTYHa11QBE5lZjQDyBDkK5fVwPI_42\/view?usp=share_link\">ASPIRANTES A RECAUDADOR<\/a><\/p><p><a href=\"https:\/\/drive.google.com\/file\/d\/1fx5UcKUyw0OXHI0RWG5r5OBKgIkal0Km\/view?usp=share_link\">ASPIRANTES A ASISTENTE<\/a><\/p><p><a href=\"https:\/\/drive.google.com\/file\/d\/1zMgZzyhpOv723WDXTx3qMl50FQBgJ7KJ\/view?usp=share_link\">ASPIRANTES JEFE MEDICO<\/a><\/p><p><a href=\"https:\/\/drive.google.com\/file\/d\/1QyIkLVhL1OIEvWnSji6G3eaxkOmHR20t\/view?usp=share_link\">ASPIRANTES TECNICO SISTEMAS NUEVO CRONOGRAMA<\/a>\u00a0<\/p><p><a href=\"https:\/\/drive.google.com\/file\/d\/1hiJvdownx_2ZNHSTzlhxSYNr2ziTohk9\/view?usp=share_link\">ASPIRANTES LABORATORIO<\/a><\/p><time datetime=\"2017-12-15T15:54:06+00:00\"><\/time><\/div><\/header>\t\t\t\t\t\t<\/div>\n\t\t\t\t<\/div>\n\t\t\t\t<div class=\"elementor-element elementor-element-c619373 elementor-widget elementor-widget-text-editor\" data-id=\"c619373\" data-element_type=\"widget\" data-widget_type=\"text-editor.default\">\n\t\t\t\t<div class=\"elementor-widget-container\">\n\t\t\t\t\t\t\t<header><div>\u00a0<\/div><div>\u00a0<\/div><div><h2>CRONOGRAMA DE EVALUACIONES CONCURSO M\u00c9RITOS Y OPOSICI\u00d3N JUNIO 2018<\/h2><\/div><div><div>Por Miguel Villaruel<time datetime=\"2017-12-26T19:03:27+00:00\">22 junio, 2018<\/time>Noticias<\/div><p>Publicaci\u00f3n de los horarios para evaluaciones concursos JUNIO<\/p><p><a href=\"https:\/\/drive.google.com\/file\/d\/1G3KB5pMYHEgB4UPHfIMvHuqNd64tbq2k\/view?usp=share_link\">ASPIRANTES JEFE ADMINISTRATIVO<\/a><\/p><p><a href=\"https:\/\/drive.google.com\/file\/d\/1G3KB5pMYHEgB4UPHfIMvHuqNd64tbq2k\/view?usp=share_link\">ASPIRANTES EMERGENCI\u00d3LOGO<\/a><\/p><p><a href=\"https:\/\/drive.google.com\/file\/d\/1FphqBPmBIX-M3F6eSeS4f8JOdDxDegA8\/view?usp=share_link\">ASPIRANTES CIRUG\u00cdA GENERAL<\/a><\/p><p><a href=\"https:\/\/drive.google.com\/file\/d\/1hkt2mUQ8y3kByDQfPm83Lt7jqtFQ35CG\/view?usp=share_link\">ASPIRANTES ANESTESIOLOG\u00cdA<\/a><\/p><p><a href=\"https:\/\/drive.google.com\/file\/d\/1dErXIyS0ricr8CQ0pienN-2EEw86Inbk\/view?usp=share_link\">ASPIRANTE FISIOTERAPIA<\/a><\/p><\/div><\/header>\t\t\t\t\t\t<\/div>\n\t\t\t\t<\/div>\n\t\t\t\t<div class=\"elementor-element elementor-element-1b7e0d0 elementor-widget elementor-widget-text-editor\" data-id=\"1b7e0d0\" data-element_type=\"widget\" data-widget_type=\"text-editor.default\">\n\t\t\t\t<div class=\"elementor-widget-container\">\n\t\t\t\t\t\t\t<header><div>\u00a0<\/div><div>\u00a0<\/div><div><h2><b>E<\/b>NTREVISTAS DE CONCURSOS M\u00c9RITO Y OPOSICI\u00d3N JULIO 2018<\/h2><\/div><div><div>Por Miguel Villaruel<time datetime=\"2017-12-26T19:03:27+00:00\">9 julio, 2018<\/time>Noticias<\/div><p>Publicaci\u00f3n de lugar, fecha y hora para entrevistas de los postulantes que obtuvieron primeros lugares.<\/p><p><a href=\"https:\/\/drive.google.com\/file\/d\/12EuN5t-dBZNSRTIyofD1TlBQ7rBLMv9w\/view?usp=share_link\">ENTREVISTAS EMERGENCI\u00d3LOGO<\/a><\/p><p><a href=\"https:\/\/drive.google.com\/file\/d\/1EhlcSm13NpQMdnFE2KlUDmIzQfjHhHsi\/view?usp=share_link\">ENTREVISTA NEUROLOG\u00cdA<\/a><\/p><p><a href=\"https:\/\/drive.google.com\/file\/d\/1oskoefwTRoKsZQJUUaXssT1R66wi_cRV\/view?usp=share_link\">ENTREVISTA JEFE ADMINISTRATIVO<\/a><\/p><p><a href=\"https:\/\/drive.google.com\/file\/d\/10Y04nZhivQ_uOxNAdneMb8VbhNTfftpH\/view?usp=share_link\">ENTREVISTA FISIOTERAPISTA<\/a><\/p><p><a href=\"https:\/\/drive.google.com\/file\/d\/1iAwU169lIapovS886zHmKqOtWy-Q5Mtz\/view?usp=share_link\">ENTREVISTA CIRUG\u00cdA GENERAL<\/a><\/p><\/div><\/header>\t\t\t\t\t\t<\/div>\n\t\t\t\t<\/div>\n\t\t\t\t<div class=\"elementor-element elementor-element-e135058 elementor-widget elementor-widget-text-editor\" data-id=\"e135058\" data-element_type=\"widget\" data-widget_type=\"text-editor.default\">\n\t\t\t\t<div class=\"elementor-widget-container\">\n\t\t\t\t\t\t\t<header><div>\u00a0<\/div><div>\u00a0<\/div><div><h2>GANADORES DE CONCURSOS M\u00c9RITO Y OPOSICI\u00d3N JULIO 2018<\/h2><\/div><div><div>Por Miguel Villaruel<time datetime=\"2017-12-26T19:03:27+00:00\">25 julio, 2018<\/time>Noticias<\/div><p>Publicaci\u00f3n ganadores concurso m\u00e9rito y oposici\u00f3n 2018<\/p><p><a href=\"https:\/\/drive.google.com\/file\/d\/1QZ8h8XDBwDDrQZpnulzpyM6g4PVXnKW3\/view?usp=share_link\">GANADOR NEUROLOG\u00cdA<\/a><\/p><p><a href=\"https:\/\/drive.google.com\/file\/d\/18DVJoAW4Ax53NQF995dqyOU39pb37aEv\/view?usp=share_link\">GANADOR JEFE ADMINISTRATIVO<\/a><\/p><p><a href=\"https:\/\/drive.google.com\/file\/d\/1Ak91bXSjYFh6zPZGF7oRDbgvq7BFipPK\/view?usp=share_link\">GANADOR FISIOTERAPIA<\/a><\/p><p><a href=\"https:\/\/drive.google.com\/file\/d\/1uB0YZQpSDwuZCWzbMX9-qaTpxY0Uq72F\/view?usp=share_link\">GANADOR EMERGENCIA<\/a><\/p><p><a href=\"https:\/\/drive.google.com\/file\/d\/1Wti6Ye5CTRLLuxp-eowrTuOo9r3vuO7E\/view?usp=share_link\">GANADOR CIRUG\u00cdA GENERAL<\/a><\/p><\/div><\/header>\t\t\t\t\t\t<\/div>\n\t\t\t\t<\/div>\n\t\t\t\t<div class=\"elementor-element elementor-element-3665c88 elementor-widget elementor-widget-text-editor\" data-id=\"3665c88\" data-element_type=\"widget\" data-widget_type=\"text-editor.default\">\n\t\t\t\t<div class=\"elementor-widget-container\">\n\t\t\t\t\t\t\t<header><div>\u00a0<\/div><div>\u00a0<\/div><div><h2>CRONOGRAMA DE EVALUACIONES CONCURSO M\u00c9RITOS Y OPOSICI\u00d3N AGOSTO 2018<\/h2><\/div><div><div>Por Miguel Villaruel<time datetime=\"2017-12-26T19:03:27+00:00\">21 agosto, 2018<\/time>Noticias<\/div><p>Publicaci\u00f3n de los horarios para evaluaciones concursos AGOSTO<\/p><p><a href=\"https:\/\/drive.google.com\/file\/d\/1zWmnOOCGM_72LYM4wz9k7nUE7o3oNGSw\/view?usp=share_link\">ASPIRANTE T\u00c9CNICO DE SISTEMAS<\/a><\/p><p><a href=\"https:\/\/drive.google.com\/file\/d\/1Df9_Ep0bsT-QWHOxa4ifU6HXvfaOusdf\/view?usp=share_link\">ASPIRANTE T\u00c9CNICO SEGURIDAD <\/a><a href=\"https:\/\/drive.google.com\/file\/d\/1Df9_Ep0bsT-QWHOxa4ifU6HXvfaOusdf\/view?usp=share_link\">OCUPACIONA<\/a><\/p><p><a href=\"https:\/\/drive.google.com\/file\/d\/1RB9RjLB-gt7TmIBBowsLlJG2FNk8hGHT\/view?usp=share_link\">ASPIRANTE PSICOLOG\u00cdA<\/a><\/p><p><a href=\"https:\/\/drive.google.com\/file\/d\/1IjcNsOMOb55670HRKjO4Ha7oaINEBBQu\/view?usp=share_link\">ASPIRANTE ODONTOLOG\u00cdA<\/a><\/p><p><a href=\"https:\/\/drive.google.com\/file\/d\/10i9v39KpA-sc5rHBiuwWDJtvcl5W8RVc\/view?usp=share_link\">ASPIRANTE T\u00c9CNICO LEGAL<\/a><\/p><p><a href=\"https:\/\/drive.google.com\/file\/d\/1GUlbmrEgSXI_6Dx-Zu78tZW5KaaHeOxd\/view?usp=share_link\">ASPIRANTE ENFERMER\u00cdA<\/a><\/p><p>\u00a0<\/p><\/div><\/header>\t\t\t\t\t\t<\/div>\n\t\t\t\t<\/div>\n\t\t\t\t<div class=\"elementor-element elementor-element-b2add98 elementor-widget elementor-widget-text-editor\" data-id=\"b2add98\" data-element_type=\"widget\" data-widget_type=\"text-editor.default\">\n\t\t\t\t<div class=\"elementor-widget-container\">\n\t\t\t\t\t\t\t<header><div>\u00a0<\/div><div>\u00a0<\/div><div><h2><b>E<\/b>NTREVISTAS DE CONCURSOS M\u00c9RITO Y OPOSICI\u00d3N JULIO 2018<\/h2><\/div><div><div>Por Miguel Villaruel<time datetime=\"2017-12-26T19:03:27+00:00\">5 septiembre, 2018<\/time>Noticias<\/div><p>Publicaci\u00f3n de lugar, fecha y hora para entrevistas de los postulantes que obtuvieron primeros lugares<\/p><p><a href=\"https:\/\/drive.google.com\/file\/d\/1UC0OrV3zY-Y7EdE388i2j6udG6rtYBLT\/view?usp=share_link\">ENTREVISTA T\u00c9CNICO LEGAL<\/a><\/p><p><a href=\"https:\/\/drive.google.com\/file\/d\/1DG6aXrXqfzMMzC6Cam_XaJj_zJSnko_Y\/view?usp=share_link\">ENTREVISTA T\u00c9CNICO DE SISTEMAS<\/a><\/p><p><a href=\"https:\/\/drive.google.com\/file\/d\/1YMiYOxzxQSJhnJCjZMoF4isjKLIJmr57\/view?usp=share_link\">ENTREVISTA SEGURIDAD OCUPACIONAL<\/a><\/p><p><a href=\"https:\/\/drive.google.com\/file\/d\/14dvMHEREijbyvHwhXMEcRHNZkKaCamAy\/view?usp=share_link\">ENTREVISTA PSIC\u00d3LOGO CL\u00cdNICO<\/a><\/p><p><a href=\"https:\/\/drive.google.com\/file\/d\/1FzzNuf14NNorqSn6Bv8-5AZvueISZKop\/view?usp=share_link\">ENTREVISTA ODONT\u00d3LOGO<\/a><\/p><p><a href=\"https:\/\/drive.google.com\/file\/d\/14PiO2KIZy41OfzwswPZ8JWa5PDcApS4q\/view?usp=share_link\">ENTREVISTA AUXILIAR ENFERMER\u00cdA<\/a><\/p><p>\u00a0<\/p><\/div><\/header>\t\t\t\t\t\t<\/div>\n\t\t\t\t<\/div>\n\t\t\t\t<div class=\"elementor-element elementor-element-c3382cf elementor-widget elementor-widget-text-editor\" data-id=\"c3382cf\" data-element_type=\"widget\" data-widget_type=\"text-editor.default\">\n\t\t\t\t<div class=\"elementor-widget-container\">\n\t\t\t\t\t\t\t<header><div>\u00a0<\/div><div>\u00a0<\/div><div><h2>GANADORES DE CONCURSOS M\u00c9RITO Y OPOSICI\u00d3N SEPTIEMBRE 2018<\/h2><\/div><div><div>Por Miguel Villaruel<time datetime=\"2017-12-26T19:03:27+00:00\">25 septiembre, 2018<\/time>Noticias<\/div><p>Publicaci\u00f3n ganadores concurso m\u00e9rito y oposici\u00f3n 2018<\/p><\/div><div><p><a href=\"https:\/\/drive.google.com\/file\/d\/1IlFlk2z25vDPRp9j6Ps2oiUCTybblR4H\/view?usp=share_link\">GANADOR T\u00c9CNICO DE SISTEMAS<\/a><\/p><p><a href=\"https:\/\/drive.google.com\/file\/d\/1EcBAh8Hix3j3SVeTP9Q2rYmYm7QDOHAx\/view?usp=share_link\">GANADOR T\u00c9CNICO LEGAL<\/a><\/p><p><a href=\"https:\/\/drive.google.com\/file\/d\/1VBEb_t7zJPWzlJxLvp2l4-GHL2dFn91R\/view?usp=share_link\">ACTA PSIC\u00d3LOGO CL\u00cdNICO<\/a><\/p><p><a href=\"https:\/\/drive.google.com\/file\/d\/1G54q0i5CfqioxmX0wUKk4pSOl1de95Ob\/view?usp=share_link\">GANADOR ODONTOLOG\u00cdA<\/a><\/p><p><a href=\"https:\/\/drive.google.com\/file\/d\/1tBCJ-zAY7TX7E1C3477EtFFTQfS53ZsW\/view?usp=share_link\">GANADOR AUXILIAR DE ENFERMER\u00cdA<\/a><\/p><p><a href=\"https:\/\/drive.google.com\/file\/d\/1NIhHgml8sKLJH7--I7LQxcWFzWRfd_5k\/view?usp=share_link\">GANADOR SEGURIDAD OCUPACIONAL<\/a><\/p><\/div><\/header>\t\t\t\t\t\t<\/div>\n\t\t\t\t<\/div>\n\t\t\t\t<div class=\"elementor-element elementor-element-e09b6ae elementor-widget elementor-widget-text-editor\" data-id=\"e09b6ae\" data-element_type=\"widget\" data-widget_type=\"text-editor.default\">\n\t\t\t\t<div class=\"elementor-widget-container\">\n\t\t\t\t\t\t\t<header><div>\u00a0<\/div><div>\u00a0<\/div><div><h2>CRONOGRAMA DE EVALUACIONES CONCURSO M\u00c9RITOS Y OPOSICI\u00d3N OCTUBRE 2018<\/h2><\/div><div><div>Por Miguel Villaruel<time datetime=\"2017-12-26T19:03:27+00:00\">19 octubre, 2018<\/time>Noticias<\/div><p>Publicaci\u00f3n de los horarios para evaluaciones concursos OCTUBRE<\/p><\/div><div><p><a href=\"https:\/\/drive.google.com\/file\/d\/1Isxz71wKB7lAfSiL7_HY7LmYddBQbLs7\/view?usp=share_link\">ASPIRANTE TRAUMATOLOG\u00cdA<\/a><\/p><p><a href=\"https:\/\/drive.google.com\/file\/d\/1huVyFOjCf2HBm6raUY-lt_53gDkdqUQY\/view?usp=share_link\">ASPIRANTE T\u00c9CNICO RADI\u00d3LOGO<\/a><\/p><p><a href=\"https:\/\/drive.google.com\/file\/d\/18G_fuuTWUETDHVgC91kaKddHCoADbGfZ\/view?usp=share_link\">ASPIRANTE PEDIATR\u00cdA<\/a><\/p><p><a href=\"https:\/\/drive.google.com\/file\/d\/1EGRGzEdtp_w7xO_n6Ns1pRXcDpaMKW_g\/view?usp=share_link\">ASPIRANTE ENFERMERA<\/a><\/p><p>\u00a0<\/p><\/div><\/header>\t\t\t\t\t\t<\/div>\n\t\t\t\t<\/div>\n\t\t\t\t<div class=\"elementor-element elementor-element-1466513 elementor-widget elementor-widget-text-editor\" data-id=\"1466513\" data-element_type=\"widget\" data-widget_type=\"text-editor.default\">\n\t\t\t\t<div class=\"elementor-widget-container\">\n\t\t\t\t\t\t\t<header><div>\u00a0<\/div><div>\u00a0<\/div><div><h2><b>E<\/b>NTREVISTAS DE CONCURSOS M\u00c9RITO Y OPOSICI\u00d3N NOVIEMBRE 2018<\/h2><\/div><div><div>Por Miguel Villaruel<time datetime=\"2017-12-26T19:03:27+00:00\">7 noviembre, 2018<\/time>Noticias<\/div><p>Publicaci\u00f3n de lugar, fecha y hora para entrevistas de los postulantes que obtuvieron primeros lugares<\/p><\/div><div><p><a href=\"https:\/\/drive.google.com\/file\/d\/1zA7oodaXKPRa1I9lLhD0kvhvHWYIyqAP\/view?usp=share_link\">ENTREVISTAS TRAUMAT\u00d3LOGO<\/a><\/p><p><a href=\"https:\/\/drive.google.com\/file\/d\/1sOLTxpe1U1JBFEY1s6BLSLY1ma_O_3Nl\/view?usp=share_link\">ENTREVISTAS PEDIATR\u00cdA<\/a><\/p><p><a href=\"https:\/\/drive.google.com\/file\/d\/1kHYmlXbM1XmTE9pFdAJh5Y4zaxYKz30C\/view?usp=share_link\">ENTREVISTAS ENFERMER\u00cdA<\/a><\/p><\/div><\/header>\t\t\t\t\t\t<\/div>\n\t\t\t\t<\/div>\n\t\t\t\t<div class=\"elementor-element elementor-element-62c2520 jkit-social-shape shape-none elementor-widget elementor-widget-jkit_social_share\" data-id=\"62c2520\" data-element_type=\"widget\" data-widget_type=\"jkit_social_share.default\">\n\t\t\t\t<div class=\"elementor-widget-container\">\n\t\t\t<div class=\"jeg-elementor-kit jkit-social-share jeg_module___69ff33bb7291c\"><ul class=\"social-share-list\"><li class=\"elementor-repeater-item-2e4de1d\" data-social=\"facebook\">\n\t\t\t\t<a class=\"facebook social-icon\"><i aria-hidden=\"true\" class=\"fab fa-facebook-f\"><\/i><\/a>\n\t\t\t<\/li><li class=\"elementor-repeater-item-343dcc1\" data-social=\"twitter\">\n\t\t\t\t<a class=\"twitter social-icon\"><i aria-hidden=\"true\" class=\"fab fa-twitter\"><\/i><\/a>\n\t\t\t<\/li><li class=\"elementor-repeater-item-9416082\" data-social=\"linkedin\">\n\t\t\t\t<a class=\"linkedin social-icon\"><i aria-hidden=\"true\" class=\"fab fa-linkedin-in\"><\/i><\/a>\n\t\t\t<\/li><\/ul><\/div>\t\t<\/div>\n\t\t\t\t<\/div>\n\t\t\t\t\t<\/div>\n\t\t<\/div>\n\t\t\t\t<div class=\"elementor-column elementor-col-50 elementor-top-column elementor-element elementor-element-78ac5c99\" data-id=\"78ac5c99\" data-element_type=\"column\">\n\t\t\t<div class=\"elementor-widget-wrap elementor-element-populated\">\n\t\t\t\t\t\t\t\t<div class=\"elementor-element elementor-element-450888d elementor-widget elementor-widget-image\" data-id=\"450888d\" data-element_type=\"widget\" data-widget_type=\"image.default\">\n\t\t\t\t<div class=\"elementor-widget-container\">\n\t\t\t<style>\/*! elementor - v3.8.1 - 13-11-2022 *\/\n.elementor-widget-image{text-align:center}.elementor-widget-image a{display:inline-block}.elementor-widget-image a img[src$=\".svg\"]{width:48px}.elementor-widget-image img{vertical-align:middle;display:inline-block}<\/style>\t\t\t\t\t\t\t\t\t\t\t\t<img loading=\"lazy\" decoding=\"async\" width=\"800\" height=\"210\" src=\"https:\/\/www.hmunicipal.gob.ec\/sitio\/wp-content\/uploads\/2022\/12\/sin-fondo-1024x269.png\" class=\"attachment-large size-large\" alt=\"\" srcset=\"https:\/\/www.hmunicipal.gob.ec\/sitio\/wp-content\/uploads\/2022\/12\/sin-fondo-1024x269.png 1024w, https:\/\/www.hmunicipal.gob.ec\/sitio\/wp-content\/uploads\/2022\/12\/sin-fondo-300x79.png 300w, https:\/\/www.hmunicipal.gob.ec\/sitio\/wp-content\/uploads\/2022\/12\/sin-fondo-768x202.png 768w, https:\/\/www.hmunicipal.gob.ec\/sitio\/wp-content\/uploads\/2022\/12\/sin-fondo.png 1233w\" sizes=\"auto, (max-width: 800px) 100vw, 800px\" \/>\t\t\t\t\t\t\t\t\t\t\t\t\t\t\t<\/div>\n\t\t\t\t<\/div>\n\t\t\t\t\t<\/div>\n\t\t<\/div>\n\t\t\t\t\t\t\t<\/div>\n\t\t<\/section>\n\t\t\t\t\t\t\t<\/div>\n\t\t","protected":false},"excerpt":{"rendered":"<p>Concursos M\u00e9ritos y Oposici\u00f3n A\u00f1o 2018 CONCURSOS DE M\u00c9RITOS Y OPOSICI\u00d3N 2018, CRONOGRAMA EVALUACI\u00d3N\u00a0 \u00a0 Por Miguel Villaruel21 marzo, 2018Noticias Publicaci\u00f3n de los cornogramas de evaluaci\u00f3n para los concursos de m\u00e9ritos y oposici\u00f3n 2018 CRONOGRAMA PRUEBA ANALISTA TALENTO HUMANO CRONOGRAMA PRUEBA ANESTESISTA CRONOGRAMA PRUEBA ENFERMERIA CRONOGRAMA PRUEBA JEFE ADMNINISTRATIVO CRONOGRAMA PRUEBA LIDER ENFERMERIA CRONOGRAMA PRUEBA [&hellip;]<\/p>\n","protected":false},"author":1,"featured_media":0,"parent":0,"menu_order":0,"comment_status":"closed","ping_status":"closed","template":"","meta":{"footnotes":""},"class_list":["post-2744","page","type-page","status-publish","hentry"],"_links":{"self":[{"href":"https:\/\/www.hmunicipal.gob.ec\/sitio\/wp-json\/wp\/v2\/pages\/2744","targetHints":{"allow":["GET"]}}],"collection":[{"href":"https:\/\/www.hmunicipal.gob.ec\/sitio\/wp-json\/wp\/v2\/pages"}],"about":[{"href":"https:\/\/www.hmunicipal.gob.ec\/sitio\/wp-json\/wp\/v2\/types\/page"}],"author":[{"embeddable":true,"href":"https:\/\/www.hmunicipal.gob.ec\/sitio\/wp-json\/wp\/v2\/users\/1"}],"replies":[{"embeddable":true,"href":"https:\/\/www.hmunicipal.gob.ec\/sitio\/wp-json\/wp\/v2\/comments?post=2744"}],"version-history":[{"count":274,"href":"https:\/\/www.hmunicipal.gob.ec\/sitio\/wp-json\/wp\/v2\/pages\/2744\/revisions"}],"predecessor-version":[{"id":3096,"href":"https:\/\/www.hmunicipal.gob.ec\/sitio\/wp-json\/wp\/v2\/pages\/2744\/revisions\/3096"}],"wp:attachment":[{"href":"https:\/\/www.hmunicipal.gob.ec\/sitio\/wp-json\/wp\/v2\/media?parent=2744"}],"curies":[{"name":"wp","href":"https:\/\/api.w.org\/{rel}","templated":true}]}}