{"id":5466,"date":"2024-11-05T20:23:46","date_gmt":"2024-11-05T20:23:46","guid":{"rendered":"https:\/\/www.hmunicipal.gob.ec\/sitio\/membership-copy-copy-2-copy-copy-copy-3\/"},"modified":"2025-08-19T15:51:21","modified_gmt":"2025-08-19T15:51:21","slug":"membership-copy-copy-2-copy-copy-copy-3","status":"publish","type":"page","link":"https:\/\/www.hmunicipal.gob.ec\/sitio\/membership-copy-copy-2-copy-copy-copy-3\/","title":{"rendered":"Recepci\u00f3n de Quejas"},"content":{"rendered":"\t\t<div data-elementor-type=\"wp-page\" data-elementor-id=\"5466\" class=\"elementor elementor-5466\">\n\t\t\t\t\t\t\t\t\t<section class=\"elementor-section elementor-top-section elementor-element elementor-element-76d141b2 elementor-section-boxed elementor-section-height-default elementor-section-height-default\" data-id=\"76d141b2\" data-element_type=\"section\" data-settings=\"{&quot;background_background&quot;:&quot;classic&quot;}\">\n\t\t\t\t\t\t\t<div class=\"elementor-background-overlay\"><\/div>\n\t\t\t\t\t\t\t<div class=\"elementor-container elementor-column-gap-no\">\n\t\t\t\t\t<div class=\"elementor-column elementor-col-100 elementor-top-column elementor-element elementor-element-1b42fcb2\" data-id=\"1b42fcb2\" data-element_type=\"column\">\n\t\t\t<div class=\"elementor-widget-wrap elementor-element-populated\">\n\t\t\t\t\t\t\t\t<div class=\"elementor-element elementor-element-7eaf78f0 elementor-widget elementor-widget-heading\" data-id=\"7eaf78f0\" data-element_type=\"widget\" data-widget_type=\"heading.default\">\n\t\t\t\t<div class=\"elementor-widget-container\">\n\t\t\t<style>\/*! elementor - v3.8.1 - 13-11-2022 *\/\n.elementor-heading-title{padding:0;margin:0;line-height:1}.elementor-widget-heading .elementor-heading-title[class*=elementor-size-]>a{color:inherit;font-size:inherit;line-height:inherit}.elementor-widget-heading .elementor-heading-title.elementor-size-small{font-size:15px}.elementor-widget-heading .elementor-heading-title.elementor-size-medium{font-size:19px}.elementor-widget-heading .elementor-heading-title.elementor-size-large{font-size:29px}.elementor-widget-heading .elementor-heading-title.elementor-size-xl{font-size:39px}.elementor-widget-heading .elementor-heading-title.elementor-size-xxl{font-size:59px}<\/style><h2 class=\"elementor-heading-title elementor-size-default\">Recomendaciones Ciudadanas<\/h2>\t\t<\/div>\n\t\t\t\t<\/div>\n\t\t\t\t\t<\/div>\n\t\t<\/div>\n\t\t\t\t\t\t\t<\/div>\n\t\t<\/section>\n\t\t\t\t<section class=\"elementor-section elementor-top-section elementor-element elementor-element-3d5d83a8 elementor-section-content-middle elementor-reverse-mobile elementor-section-boxed elementor-section-height-default elementor-section-height-default\" data-id=\"3d5d83a8\" data-element_type=\"section\" data-settings=\"{&quot;background_background&quot;:&quot;classic&quot;}\">\n\t\t\t\t\t\t<div class=\"elementor-container elementor-column-gap-no\">\n\t\t\t\t\t<div class=\"elementor-column elementor-col-50 elementor-top-column elementor-element elementor-element-45d658ca\" data-id=\"45d658ca\" data-element_type=\"column\">\n\t\t\t<div class=\"elementor-widget-wrap elementor-element-populated\">\n\t\t\t\t\t\t\t\t<div class=\"elementor-element elementor-element-2e029f2c elementor-widget elementor-widget-heading\" data-id=\"2e029f2c\" data-element_type=\"widget\" data-widget_type=\"heading.default\">\n\t\t\t\t<div class=\"elementor-widget-container\">\n\t\t\t<h2 class=\"elementor-heading-title elementor-size-default\">Recomendaci\u00f3n Ciudadana<\/h2>\t\t<\/div>\n\t\t\t\t<\/div>\n\t\t\t\t<div class=\"elementor-element elementor-element-42e5ae5d elementor-widget elementor-widget-text-editor\" data-id=\"42e5ae5d\" data-element_type=\"widget\" data-widget_type=\"text-editor.default\">\n\t\t\t\t<div class=\"elementor-widget-container\">\n\t\t\t<style>\/*! elementor - v3.8.1 - 13-11-2022 *\/\n.elementor-widget-text-editor.elementor-drop-cap-view-stacked .elementor-drop-cap{background-color:#818a91;color:#fff}.elementor-widget-text-editor.elementor-drop-cap-view-framed .elementor-drop-cap{color:#818a91;border:3px solid;background-color:transparent}.elementor-widget-text-editor:not(.elementor-drop-cap-view-default) .elementor-drop-cap{margin-top:8px}.elementor-widget-text-editor:not(.elementor-drop-cap-view-default) .elementor-drop-cap-letter{width:1em;height:1em}.elementor-widget-text-editor .elementor-drop-cap{float:left;text-align:center;line-height:1;font-size:50px}.elementor-widget-text-editor .elementor-drop-cap-letter{display:inline-block}<\/style>\t\t\t\t<div class=\"post-body\">\n<p>Recepci\u00f3n de Recomendaciones Ciudadanas Hospital Municipal Nuestra Se\u00f1ora de la Merced 2025<\/p>\n<p>1.- <a href=\"https:\/\/docs.google.com\/document\/d\/1iu9I2tLDlTMvLpzpUONv3S0YdIIUoRDV\/edit?usp=sharing&amp;ouid=101385098337979732531&amp;rtpof=true&amp;sd=true\">FORMULARIO DE RECOMENDACIONES CIUDADANAS<\/a><\/p>\n<\/div>\t\t\t\t\t\t<\/div>\n\t\t\t\t<\/div>\n\t\t\t\t\t<\/div>\n\t\t<\/div>\n\t\t\t\t<div class=\"elementor-column elementor-col-50 elementor-top-column elementor-element elementor-element-4bd1ef6f elementor-hidden-phone\" data-id=\"4bd1ef6f\" data-element_type=\"column\">\n\t\t\t<div class=\"elementor-widget-wrap elementor-element-populated\">\n\t\t\t\t\t\t\t\t<div class=\"elementor-element elementor-element-41ca643 elementor-widget elementor-widget-image\" data-id=\"41ca643\" data-element_type=\"widget\" data-widget_type=\"image.default\">\n\t\t\t\t<div class=\"elementor-widget-container\">\n\t\t\t<style>\/*! elementor - v3.8.1 - 13-11-2022 *\/\n.elementor-widget-image{text-align:center}.elementor-widget-image a{display:inline-block}.elementor-widget-image a img[src$=\".svg\"]{width:48px}.elementor-widget-image img{vertical-align:middle;display:inline-block}<\/style>\t\t\t\t\t\t\t\t\t\t\t\t\t<a href=\"http:\/\/www.hmunicipal.gob.ec\/sitio\/wp-content\/uploads\/2022\/12\/IMG_8050-scaled.jpg\" data-elementor-open-lightbox=\"yes\" data-elementor-lightbox-title=\"IMG_8050\" e-action-hash=\"#elementor-action%3Aaction%3Dlightbox%26settings%3DeyJpZCI6MTg1OSwidXJsIjoiaHR0cHM6XC9cL3d3dy5obXVuaWNpcGFsLmdvYi5lY1wvc2l0aW9cL3dwLWNvbnRlbnRcL3VwbG9hZHNcLzIwMjJcLzEyXC9JTUdfODA1MC1zY2FsZWQuanBnIn0%3D\">\n\t\t\t\t\t\t\t<img loading=\"lazy\" decoding=\"async\" width=\"2560\" height=\"1705\" src=\"https:\/\/www.hmunicipal.gob.ec\/sitio\/wp-content\/uploads\/2022\/12\/IMG_8050-scaled.jpg\" class=\"elementor-animation-shrink attachment-full size-full\" alt=\"\" srcset=\"https:\/\/www.hmunicipal.gob.ec\/sitio\/wp-content\/uploads\/2022\/12\/IMG_8050-scaled.jpg 2560w, https:\/\/www.hmunicipal.gob.ec\/sitio\/wp-content\/uploads\/2022\/12\/IMG_8050-300x200.jpg 300w, https:\/\/www.hmunicipal.gob.ec\/sitio\/wp-content\/uploads\/2022\/12\/IMG_8050-1024x682.jpg 1024w, https:\/\/www.hmunicipal.gob.ec\/sitio\/wp-content\/uploads\/2022\/12\/IMG_8050-768x512.jpg 768w, https:\/\/www.hmunicipal.gob.ec\/sitio\/wp-content\/uploads\/2022\/12\/IMG_8050-1536x1023.jpg 1536w, https:\/\/www.hmunicipal.gob.ec\/sitio\/wp-content\/uploads\/2022\/12\/IMG_8050-2048x1364.jpg 2048w\" sizes=\"auto, (max-width: 2560px) 100vw, 2560px\" \/>\t\t\t\t\t\t\t\t<\/a>\n\t\t\t\t\t\t\t\t\t\t\t\t\t\t\t<\/div>\n\t\t\t\t<\/div>\n\t\t\t\t\t<\/div>\n\t\t<\/div>\n\t\t\t\t\t\t\t<\/div>\n\t\t<\/section>\n\t\t\t\t\t\t\t<\/div>\n\t\t","protected":false},"excerpt":{"rendered":"<p>Recomendaciones Ciudadanas Recomendaci\u00f3n Ciudadana Recepci\u00f3n de Recomendaciones Ciudadanas Hospital Municipal Nuestra Se\u00f1ora de la Merced 2025 1.- FORMULARIO DE RECOMENDACIONES CIUDADANAS<\/p>\n","protected":false},"author":1,"featured_media":0,"parent":0,"menu_order":0,"comment_status":"closed","ping_status":"closed","template":"","meta":{"footnotes":""},"class_list":["post-5466","page","type-page","status-publish","hentry"],"_links":{"self":[{"href":"https:\/\/www.hmunicipal.gob.ec\/sitio\/wp-json\/wp\/v2\/pages\/5466","targetHints":{"allow":["GET"]}}],"collection":[{"href":"https:\/\/www.hmunicipal.gob.ec\/sitio\/wp-json\/wp\/v2\/pages"}],"about":[{"href":"https:\/\/www.hmunicipal.gob.ec\/sitio\/wp-json\/wp\/v2\/types\/page"}],"author":[{"embeddable":true,"href":"https:\/\/www.hmunicipal.gob.ec\/sitio\/wp-json\/wp\/v2\/users\/1"}],"replies":[{"embeddable":true,"href":"https:\/\/www.hmunicipal.gob.ec\/sitio\/wp-json\/wp\/v2\/comments?post=5466"}],"version-history":[{"count":19,"href":"https:\/\/www.hmunicipal.gob.ec\/sitio\/wp-json\/wp\/v2\/pages\/5466\/revisions"}],"predecessor-version":[{"id":5890,"href":"https:\/\/www.hmunicipal.gob.ec\/sitio\/wp-json\/wp\/v2\/pages\/5466\/revisions\/5890"}],"wp:attachment":[{"href":"https:\/\/www.hmunicipal.gob.ec\/sitio\/wp-json\/wp\/v2\/media?parent=5466"}],"curies":[{"name":"wp","href":"https:\/\/api.w.org\/{rel}","templated":true}]}}