{"id":6196,"date":"2026-03-12T19:12:05","date_gmt":"2026-03-12T19:12:05","guid":{"rendered":"https:\/\/www.hmunicipal.gob.ec\/sitio\/faq-copy-2-copy-2-copy-copy-copy-copy-copy-copy-copy-copy-copy-copy-2-copy\/"},"modified":"2026-04-16T16:57:50","modified_gmt":"2026-04-16T16:57:50","slug":"faq-copy-2-copy-2-copy-copy-copy-copy-copy-copy-copy-copy-copy-copy-2-copy","status":"publish","type":"page","link":"https:\/\/www.hmunicipal.gob.ec\/sitio\/faq-copy-2-copy-2-copy-copy-copy-copy-copy-copy-copy-copy-copy-copy-2-copy\/","title":{"rendered":"Rendici\u00f3n 2025 Fase1"},"content":{"rendered":"\t\t<div data-elementor-type=\"wp-page\" data-elementor-id=\"6196\" class=\"elementor elementor-6196\">\n\t\t\t\t\t\t\t\t\t<section class=\"elementor-section elementor-top-section elementor-element elementor-element-445ff792 elementor-section-boxed elementor-section-height-default elementor-section-height-default\" data-id=\"445ff792\" data-element_type=\"section\" data-settings=\"{&quot;background_background&quot;:&quot;classic&quot;}\">\n\t\t\t\t\t\t\t<div class=\"elementor-background-overlay\"><\/div>\n\t\t\t\t\t\t\t<div class=\"elementor-container elementor-column-gap-no\">\n\t\t\t\t\t<div class=\"elementor-column elementor-col-100 elementor-top-column elementor-element elementor-element-190f9148\" data-id=\"190f9148\" data-element_type=\"column\">\n\t\t\t<div class=\"elementor-widget-wrap elementor-element-populated\">\n\t\t\t\t\t\t\t\t<div class=\"elementor-element elementor-element-4d0d17b9 elementor-widget elementor-widget-heading\" data-id=\"4d0d17b9\" data-element_type=\"widget\" data-widget_type=\"heading.default\">\n\t\t\t\t<div class=\"elementor-widget-container\">\n\t\t\t<style>\/*! elementor - v3.8.1 - 13-11-2022 *\/\n.elementor-heading-title{padding:0;margin:0;line-height:1}.elementor-widget-heading .elementor-heading-title[class*=elementor-size-]>a{color:inherit;font-size:inherit;line-height:inherit}.elementor-widget-heading .elementor-heading-title.elementor-size-small{font-size:15px}.elementor-widget-heading .elementor-heading-title.elementor-size-medium{font-size:19px}.elementor-widget-heading .elementor-heading-title.elementor-size-large{font-size:29px}.elementor-widget-heading .elementor-heading-title.elementor-size-xl{font-size:39px}.elementor-widget-heading .elementor-heading-title.elementor-size-xxl{font-size:59px}<\/style><h2 class=\"elementor-heading-title elementor-size-default\">Rendici\u00f3n de Cuentas 2025 <br>Fase 1.- <strong><span style=\"color: #00000;\">Planificaci\u00f3n y Facilitaci\u00f3n del Proceso desde la Asamblea Local.<\/span><\/strong><\/h2>\t\t<\/div>\n\t\t\t\t<\/div>\n\t\t\t\t\t<\/div>\n\t\t<\/div>\n\t\t\t\t\t\t\t<\/div>\n\t\t<\/section>\n\t\t\t\t<section class=\"elementor-section elementor-top-section elementor-element elementor-element-6a9f6941 elementor-section-content-middle elementor-section-boxed elementor-section-height-default elementor-section-height-default\" data-id=\"6a9f6941\" data-element_type=\"section\" data-settings=\"{&quot;background_background&quot;:&quot;classic&quot;}\">\n\t\t\t\t\t\t<div class=\"elementor-container elementor-column-gap-no\">\n\t\t\t\t\t<div class=\"elementor-column elementor-col-100 elementor-top-column elementor-element elementor-element-63b8a833\" data-id=\"63b8a833\" data-element_type=\"column\">\n\t\t\t<div class=\"elementor-widget-wrap elementor-element-populated\">\n\t\t\t\t\t\t\t\t<section class=\"elementor-section elementor-inner-section elementor-element elementor-element-621b624 elementor-section-boxed elementor-section-height-default elementor-section-height-default\" data-id=\"621b624\" data-element_type=\"section\">\n\t\t\t\t\t\t<div class=\"elementor-container elementor-column-gap-default\">\n\t\t\t\t\t<div class=\"elementor-column elementor-col-100 elementor-inner-column elementor-element elementor-element-3f90a3e\" data-id=\"3f90a3e\" data-element_type=\"column\">\n\t\t\t<div class=\"elementor-widget-wrap elementor-element-populated\">\n\t\t\t\t\t\t\t\t<div class=\"elementor-element elementor-element-3ebf0d6 elementor-widget elementor-widget-accordion\" data-id=\"3ebf0d6\" data-element_type=\"widget\" data-widget_type=\"accordion.default\">\n\t\t\t\t<div class=\"elementor-widget-container\">\n\t\t\t<style>\/*! elementor - v3.8.1 - 13-11-2022 *\/\n.elementor-accordion{text-align:left}.elementor-accordion .elementor-accordion-item{border:1px solid #d4d4d4}.elementor-accordion .elementor-accordion-item+.elementor-accordion-item{border-top:none}.elementor-accordion .elementor-tab-title{margin:0;padding:15px 20px;font-weight:700;line-height:1;cursor:pointer;outline:none}.elementor-accordion .elementor-tab-title .elementor-accordion-icon{display:inline-block;width:1.5em}.elementor-accordion .elementor-tab-title .elementor-accordion-icon svg{width:1em;height:1em}.elementor-accordion .elementor-tab-title .elementor-accordion-icon.elementor-accordion-icon-right{float:right;text-align:right}.elementor-accordion .elementor-tab-title .elementor-accordion-icon.elementor-accordion-icon-left{float:left;text-align:left}.elementor-accordion .elementor-tab-title .elementor-accordion-icon .elementor-accordion-icon-closed{display:block}.elementor-accordion .elementor-tab-title .elementor-accordion-icon .elementor-accordion-icon-opened,.elementor-accordion .elementor-tab-title.elementor-active .elementor-accordion-icon-closed{display:none}.elementor-accordion .elementor-tab-title.elementor-active .elementor-accordion-icon-opened{display:block}.elementor-accordion .elementor-tab-content{display:none;padding:15px 20px;border-top:1px solid #d4d4d4}@media (max-width:767px){.elementor-accordion .elementor-tab-title{padding:12px 15px}.elementor-accordion .elementor-tab-title .elementor-accordion-icon{width:1.2em}.elementor-accordion .elementor-tab-content{padding:7px 15px}}.e-con-inner>.elementor-widget-accordion,.e-con>.elementor-widget-accordion{width:var(--container-widget-width,100%)}<\/style>\t\t<div class=\"elementor-accordion\" role=\"tablist\">\n\t\t\t\t\t\t\t<div class=\"elementor-accordion-item\">\n\t\t\t\t\t<div id=\"elementor-tab-title-6571\" class=\"elementor-tab-title\" data-tab=\"1\" role=\"tab\" aria-controls=\"elementor-tab-content-6571\" aria-expanded=\"false\">\n\t\t\t\t\t\t\t\t\t\t\t\t\t<span class=\"elementor-accordion-icon elementor-accordion-icon-left\" aria-hidden=\"true\">\n\t\t\t\t\t\t\t\t\t\t\t\t\t\t\t<span class=\"elementor-accordion-icon-closed\"><i class=\"fas fa-plus\"><\/i><\/span>\n\t\t\t\t\t\t\t\t<span class=\"elementor-accordion-icon-opened\"><i class=\"fas fa-minus\"><\/i><\/span>\n\t\t\t\t\t\t\t\t\t\t\t\t\t\t<\/span>\n\t\t\t\t\t\t\t\t\t\t\t\t<a class=\"elementor-accordion-title\" href=\"\">Fase 1<\/a>\n\t\t\t\t\t<\/div>\n\t\t\t\t\t<div id=\"elementor-tab-content-6571\" class=\"elementor-tab-content elementor-clearfix\" data-tab=\"1\" role=\"tabpanel\" aria-labelledby=\"elementor-tab-title-6571\"><p>1. <a href=\"https:\/\/drive.google.com\/file\/d\/1Ubaas4XvCSP7zxp90aRFBp4lyS9WqY7x\/view?usp=sharing\">Plan de Acci\u00f3n<\/a><br>2. Instrumentos Estrat\u00e9gicos:<br>2.1 <a href=\"https:\/\/docs.google.com\/spreadsheets\/d\/1W1xRL5MaiTlbSAiV6NCabkBfYr9l2vBt\/edit?usp=sharing&amp;ouid=101385098337979732531&amp;rtpof=true&amp;sd=true\">POA <\/a><br>2.2 <a href=\"https:\/\/drive.google.com\/file\/d\/17qi9yXvefo2VKQeqISpji6xN_6_K6IxS\/view?usp=sharing\">Presupuesto institucional 2025<\/a><\/p>\n<p>3. <a href=\"https:\/\/drive.google.com\/file\/d\/1eJHerfkNPXZoT32ECmnadBTGGnMER7of\/view?usp=sharing\">Mapeo de Actores (Oficio \/ Matriz)&nbsp;<\/a><\/p>\n<p>4. <a href=\"https:\/\/drive.google.com\/file\/d\/1BqpdfFRPatEGrYKIflofVOZ-pdFAMUkL\/view?usp=sharing\">Oficio Suscrito por la Ciudadan\u00eda con Listado de Temas (Resoluci\u00f3n CPCCS-PLE-SG-004-O2026-0030 \/ Articulo 25 numeral 2.1)<\/a><\/p>\n<p>5. <a href=\"https:\/\/drive.google.com\/file\/d\/1zhfB3ox2X4s0Qa6sVoSRVbDYuyDfVPjI\/view?usp=sharing\">Acta de reuni\u00f3n Suscrito por la Ciudadan\u00eda con Listado de Temas (Resoluci\u00f3n CPCCS-PLE-SG-004-O2026-0030 \/ Articulo 25 numeral 2.2)<\/a><br>6. <a href=\"https:\/\/drive.google.com\/file\/d\/1G9M_YQpl3V70bzKrzCb_A96iGZktJyRE\/view?usp=sharing\">Convocatoria Consulta Ciudadana Rendici\u00f3n de Cuentas<\/a><br>7. <a href=\"https:\/\/drive.google.com\/file\/d\/1ewNOnEQWuDG8vN7NjyQYgnjhzqVIdQK8\/view?usp=sharing\">Actas de Conformaci\u00f3n de las Comisiones Mixtas y Registro de Asistencia<\/a><\/p>\n<p>8. <a href=\"https:\/\/drive.google.com\/file\/d\/19cbOs1XMyoN8tBI2qN0t3JwWuLZcFcoI\/view?usp=sharing\">Acta de&nbsp;Consulta Ciudadana<\/a><\/p>\n<p>8.1. <a href=\"https:\/\/drive.google.com\/file\/d\/1FCEbSWnqYsGMvEDU8OeCqOjok_tqk8ho\/view?usp=sharing\">Preguntas Consulta Ciudadana<\/a><\/p>\n<p>9. Respuestas de las preguntas de la Consulta Ciudadana<\/p><\/div>\n\t\t\t\t<\/div>\n\t\t\t\t\t\t\t\t<\/div>\n\t\t\t\t<\/div>\n\t\t\t\t<\/div>\n\t\t\t\t\t<\/div>\n\t\t<\/div>\n\t\t\t\t\t\t\t<\/div>\n\t\t<\/section>\n\t\t\t\t\t<\/div>\n\t\t<\/div>\n\t\t\t\t\t\t\t<\/div>\n\t\t<\/section>\n\t\t\t\t\t\t\t<\/div>\n\t\t","protected":false},"excerpt":{"rendered":"<p>Rendici\u00f3n de Cuentas 2025 Fase 1.- Planificaci\u00f3n y Facilitaci\u00f3n del Proceso desde la Asamblea Local. Fase 1 1. Plan de Acci\u00f3n2. Instrumentos Estrat\u00e9gicos:2.1 POA 2.2 Presupuesto institucional 2025 3. Mapeo de Actores (Oficio \/ Matriz)&nbsp; 4. Oficio Suscrito por la Ciudadan\u00eda con Listado de Temas (Resoluci\u00f3n CPCCS-PLE-SG-004-O2026-0030 \/ Articulo 25 numeral 2.1) 5. Acta de [&hellip;]<\/p>\n","protected":false},"author":1,"featured_media":0,"parent":0,"menu_order":0,"comment_status":"closed","ping_status":"closed","template":"","meta":{"footnotes":""},"class_list":["post-6196","page","type-page","status-publish","hentry"],"_links":{"self":[{"href":"https:\/\/www.hmunicipal.gob.ec\/sitio\/wp-json\/wp\/v2\/pages\/6196","targetHints":{"allow":["GET"]}}],"collection":[{"href":"https:\/\/www.hmunicipal.gob.ec\/sitio\/wp-json\/wp\/v2\/pages"}],"about":[{"href":"https:\/\/www.hmunicipal.gob.ec\/sitio\/wp-json\/wp\/v2\/types\/page"}],"author":[{"embeddable":true,"href":"https:\/\/www.hmunicipal.gob.ec\/sitio\/wp-json\/wp\/v2\/users\/1"}],"replies":[{"embeddable":true,"href":"https:\/\/www.hmunicipal.gob.ec\/sitio\/wp-json\/wp\/v2\/comments?post=6196"}],"version-history":[{"count":79,"href":"https:\/\/www.hmunicipal.gob.ec\/sitio\/wp-json\/wp\/v2\/pages\/6196\/revisions"}],"predecessor-version":[{"id":6398,"href":"https:\/\/www.hmunicipal.gob.ec\/sitio\/wp-json\/wp\/v2\/pages\/6196\/revisions\/6398"}],"wp:attachment":[{"href":"https:\/\/www.hmunicipal.gob.ec\/sitio\/wp-json\/wp\/v2\/media?parent=6196"}],"curies":[{"name":"wp","href":"https:\/\/api.w.org\/{rel}","templated":true}]}}