{"id":930,"date":"2022-12-09T06:08:59","date_gmt":"2022-12-09T06:08:59","guid":{"rendered":"https:\/\/www.hmunicipal.gob.ec\/sitio\/membership-copy-copy-2-copy-copy-copy\/"},"modified":"2024-01-03T19:46:51","modified_gmt":"2024-01-03T19:46:51","slug":"membership-copy-copy-2-copy-copy-copy","status":"publish","type":"page","link":"https:\/\/www.hmunicipal.gob.ec\/sitio\/membership-copy-copy-2-copy-copy-copy\/","title":{"rendered":"Emergencia"},"content":{"rendered":"\t\t<div data-elementor-type=\"wp-page\" data-elementor-id=\"930\" class=\"elementor elementor-930\">\n\t\t\t\t\t\t\t\t\t<section class=\"elementor-section elementor-top-section elementor-element elementor-element-76d141b2 elementor-section-boxed elementor-section-height-default elementor-section-height-default\" data-id=\"76d141b2\" data-element_type=\"section\" data-settings=\"{&quot;background_background&quot;:&quot;classic&quot;}\">\n\t\t\t\t\t\t\t<div class=\"elementor-background-overlay\"><\/div>\n\t\t\t\t\t\t\t<div class=\"elementor-container elementor-column-gap-no\">\n\t\t\t\t\t<div class=\"elementor-column elementor-col-100 elementor-top-column elementor-element elementor-element-1b42fcb2\" data-id=\"1b42fcb2\" data-element_type=\"column\">\n\t\t\t<div class=\"elementor-widget-wrap elementor-element-populated\">\n\t\t\t\t\t\t\t\t<div class=\"elementor-element elementor-element-7eaf78f0 elementor-widget elementor-widget-heading\" data-id=\"7eaf78f0\" data-element_type=\"widget\" data-widget_type=\"heading.default\">\n\t\t\t\t<div class=\"elementor-widget-container\">\n\t\t\t<style>\/*! elementor - v3.8.1 - 13-11-2022 *\/\n.elementor-heading-title{padding:0;margin:0;line-height:1}.elementor-widget-heading .elementor-heading-title[class*=elementor-size-]>a{color:inherit;font-size:inherit;line-height:inherit}.elementor-widget-heading .elementor-heading-title.elementor-size-small{font-size:15px}.elementor-widget-heading .elementor-heading-title.elementor-size-medium{font-size:19px}.elementor-widget-heading .elementor-heading-title.elementor-size-large{font-size:29px}.elementor-widget-heading .elementor-heading-title.elementor-size-xl{font-size:39px}.elementor-widget-heading .elementor-heading-title.elementor-size-xxl{font-size:59px}<\/style><h2 class=\"elementor-heading-title elementor-size-default\">Emergencia<\/h2>\t\t<\/div>\n\t\t\t\t<\/div>\n\t\t\t\t\t<\/div>\n\t\t<\/div>\n\t\t\t\t\t\t\t<\/div>\n\t\t<\/section>\n\t\t\t\t<section class=\"elementor-section elementor-top-section elementor-element elementor-element-3d5d83a8 elementor-section-content-middle elementor-reverse-mobile elementor-section-boxed elementor-section-height-default elementor-section-height-default\" data-id=\"3d5d83a8\" data-element_type=\"section\" data-settings=\"{&quot;background_background&quot;:&quot;classic&quot;}\">\n\t\t\t\t\t\t<div class=\"elementor-container elementor-column-gap-no\">\n\t\t\t\t\t<div class=\"elementor-column elementor-col-33 elementor-top-column elementor-element elementor-element-45d658ca\" data-id=\"45d658ca\" data-element_type=\"column\">\n\t\t\t<div class=\"elementor-widget-wrap elementor-element-populated\">\n\t\t\t\t\t\t\t\t<div class=\"elementor-element elementor-element-2e029f2c elementor-widget elementor-widget-heading\" data-id=\"2e029f2c\" data-element_type=\"widget\" data-widget_type=\"heading.default\">\n\t\t\t\t<div class=\"elementor-widget-container\">\n\t\t\t<h2 class=\"elementor-heading-title elementor-size-default\">Emergencia<\/h2>\t\t<\/div>\n\t\t\t\t<\/div>\n\t\t\t\t<div class=\"elementor-element elementor-element-42e5ae5d elementor-widget elementor-widget-text-editor\" data-id=\"42e5ae5d\" data-element_type=\"widget\" data-widget_type=\"text-editor.default\">\n\t\t\t\t<div class=\"elementor-widget-container\">\n\t\t\t<style>\/*! elementor - v3.8.1 - 13-11-2022 *\/\n.elementor-widget-text-editor.elementor-drop-cap-view-stacked .elementor-drop-cap{background-color:#818a91;color:#fff}.elementor-widget-text-editor.elementor-drop-cap-view-framed .elementor-drop-cap{color:#818a91;border:3px solid;background-color:transparent}.elementor-widget-text-editor:not(.elementor-drop-cap-view-default) .elementor-drop-cap{margin-top:8px}.elementor-widget-text-editor:not(.elementor-drop-cap-view-default) .elementor-drop-cap-letter{width:1em;height:1em}.elementor-widget-text-editor .elementor-drop-cap{float:left;text-align:center;line-height:1;font-size:50px}.elementor-widget-text-editor .elementor-drop-cap-letter{display:inline-block}<\/style>\t\t\t\t<p style=\"margin: 0cm; margin-bottom: .0001pt; text-align: justify; line-height: 150%;\"><span style=\"font-size: 11.0pt; line-height: 150%; font-family: 'Cambria','serif';\">La medicina de emergencia es la que act\u00faa sobre una urgencia m\u00e9dica ante cualquier enfermedad en un momento agudo, definida como una amenaza inmediata para la vida de una persona y cuya asistencia no puede esperar.<\/span><\/p><p style=\"margin: 0cm; margin-bottom: .0001pt; text-align: justify; line-height: 150%;\"><span style=\"font-size: 11.0pt; line-height: 150%; font-family: 'Cambria','serif';\">Atiende especialmente en procesos de electrocardiograma, sutura de heridas, atenci\u00f3n de pacientes con quemaduras, extracci\u00f3n de cuerpos extra\u00f1os, entre otras.<\/span><\/p>\t\t\t\t\t\t<\/div>\n\t\t\t\t<\/div>\n\t\t\t\t\t<\/div>\n\t\t<\/div>\n\t\t\t\t<div class=\"elementor-column elementor-col-33 elementor-top-column elementor-element elementor-element-4bd1ef6f elementor-hidden-phone\" data-id=\"4bd1ef6f\" data-element_type=\"column\">\n\t\t\t<div class=\"elementor-widget-wrap elementor-element-populated\">\n\t\t\t\t\t\t\t\t<div class=\"elementor-element elementor-element-e50c1b9 elementor-widget elementor-widget-image\" data-id=\"e50c1b9\" data-element_type=\"widget\" data-widget_type=\"image.default\">\n\t\t\t\t<div class=\"elementor-widget-container\">\n\t\t\t<style>\/*! elementor - v3.8.1 - 13-11-2022 *\/\n.elementor-widget-image{text-align:center}.elementor-widget-image a{display:inline-block}.elementor-widget-image a img[src$=\".svg\"]{width:48px}.elementor-widget-image img{vertical-align:middle;display:inline-block}<\/style>\t\t\t\t\t\t\t\t\t\t\t\t<img loading=\"lazy\" decoding=\"async\" width=\"800\" height=\"533\" src=\"https:\/\/www.hmunicipal.gob.ec\/sitio\/wp-content\/uploads\/2022\/12\/IMG_8218-1024x682.jpg\" class=\"attachment-large size-large\" alt=\"\" srcset=\"https:\/\/www.hmunicipal.gob.ec\/sitio\/wp-content\/uploads\/2022\/12\/IMG_8218-1024x682.jpg 1024w, https:\/\/www.hmunicipal.gob.ec\/sitio\/wp-content\/uploads\/2022\/12\/IMG_8218-300x200.jpg 300w, https:\/\/www.hmunicipal.gob.ec\/sitio\/wp-content\/uploads\/2022\/12\/IMG_8218-768x511.jpg 768w, https:\/\/www.hmunicipal.gob.ec\/sitio\/wp-content\/uploads\/2022\/12\/IMG_8218-1536x1022.jpg 1536w, https:\/\/www.hmunicipal.gob.ec\/sitio\/wp-content\/uploads\/2022\/12\/IMG_8218-2048x1363.jpg 2048w\" sizes=\"auto, (max-width: 800px) 100vw, 800px\" \/>\t\t\t\t\t\t\t\t\t\t\t\t\t\t\t<\/div>\n\t\t\t\t<\/div>\n\t\t\t\t\t<\/div>\n\t\t<\/div>\n\t\t\t\t<div class=\"elementor-column elementor-col-33 elementor-top-column elementor-element elementor-element-78ac5c99\" data-id=\"78ac5c99\" data-element_type=\"column\">\n\t\t\t<div class=\"elementor-widget-wrap elementor-element-populated\">\n\t\t\t\t\t\t\t\t<div class=\"elementor-element elementor-element-5538dbb elementor-widget elementor-widget-image\" data-id=\"5538dbb\" data-element_type=\"widget\" data-widget_type=\"image.default\">\n\t\t\t\t<div class=\"elementor-widget-container\">\n\t\t\t\t\t\t\t\t\t\t\t\t\t\t\t<img loading=\"lazy\" decoding=\"async\" width=\"682\" height=\"1024\" src=\"https:\/\/www.hmunicipal.gob.ec\/sitio\/wp-content\/uploads\/2022\/12\/LINDA-SANCHEZ-EMERGENCIOLAGA1-682x1024.jpg\" class=\"attachment-large size-large\" alt=\"\" srcset=\"https:\/\/www.hmunicipal.gob.ec\/sitio\/wp-content\/uploads\/2022\/12\/LINDA-SANCHEZ-EMERGENCIOLAGA1-682x1024.jpg 682w, https:\/\/www.hmunicipal.gob.ec\/sitio\/wp-content\/uploads\/2022\/12\/LINDA-SANCHEZ-EMERGENCIOLAGA1-200x300.jpg 200w, https:\/\/www.hmunicipal.gob.ec\/sitio\/wp-content\/uploads\/2022\/12\/LINDA-SANCHEZ-EMERGENCIOLAGA1-768x1154.jpg 768w, https:\/\/www.hmunicipal.gob.ec\/sitio\/wp-content\/uploads\/2022\/12\/LINDA-SANCHEZ-EMERGENCIOLAGA1-1022x1536.jpg 1022w, https:\/\/www.hmunicipal.gob.ec\/sitio\/wp-content\/uploads\/2022\/12\/LINDA-SANCHEZ-EMERGENCIOLAGA1-1363x2048.jpg 1363w, https:\/\/www.hmunicipal.gob.ec\/sitio\/wp-content\/uploads\/2022\/12\/LINDA-SANCHEZ-EMERGENCIOLAGA1-scaled.jpg 1704w\" sizes=\"auto, (max-width: 682px) 100vw, 682px\" \/>\t\t\t\t\t\t\t\t\t\t\t\t\t\t\t<\/div>\n\t\t\t\t<\/div>\n\t\t\t\t\t<\/div>\n\t\t<\/div>\n\t\t\t\t\t\t\t<\/div>\n\t\t<\/section>\n\t\t\t\t\t\t\t<\/div>\n\t\t","protected":false},"excerpt":{"rendered":"<p>Emergencia Emergencia La medicina de emergencia es la que act\u00faa sobre una urgencia m\u00e9dica ante cualquier enfermedad en un momento agudo, definida como una amenaza inmediata para la vida de una persona y cuya asistencia no puede esperar. Atiende especialmente en procesos de electrocardiograma, sutura de heridas, atenci\u00f3n de pacientes con quemaduras, extracci\u00f3n de cuerpos [&hellip;]<\/p>\n","protected":false},"author":1,"featured_media":0,"parent":0,"menu_order":0,"comment_status":"closed","ping_status":"closed","template":"","meta":{"footnotes":""},"class_list":["post-930","page","type-page","status-publish","hentry"],"_links":{"self":[{"href":"https:\/\/www.hmunicipal.gob.ec\/sitio\/wp-json\/wp\/v2\/pages\/930","targetHints":{"allow":["GET"]}}],"collection":[{"href":"https:\/\/www.hmunicipal.gob.ec\/sitio\/wp-json\/wp\/v2\/pages"}],"about":[{"href":"https:\/\/www.hmunicipal.gob.ec\/sitio\/wp-json\/wp\/v2\/types\/page"}],"author":[{"embeddable":true,"href":"https:\/\/www.hmunicipal.gob.ec\/sitio\/wp-json\/wp\/v2\/users\/1"}],"replies":[{"embeddable":true,"href":"https:\/\/www.hmunicipal.gob.ec\/sitio\/wp-json\/wp\/v2\/comments?post=930"}],"version-history":[{"count":22,"href":"https:\/\/www.hmunicipal.gob.ec\/sitio\/wp-json\/wp\/v2\/pages\/930\/revisions"}],"predecessor-version":[{"id":4454,"href":"https:\/\/www.hmunicipal.gob.ec\/sitio\/wp-json\/wp\/v2\/pages\/930\/revisions\/4454"}],"wp:attachment":[{"href":"https:\/\/www.hmunicipal.gob.ec\/sitio\/wp-json\/wp\/v2\/media?parent=930"}],"curies":[{"name":"wp","href":"https:\/\/api.w.org\/{rel}","templated":true}]}}